{"id":1200,"date":"2019-02-28T16:01:28","date_gmt":"2019-02-28T22:01:28","guid":{"rendered":"http:\/\/www.unimedico.com.mx\/shop\/producto\/andadera-plegable-de-aluminio-tamano-junior-con-y-sin-ruedas-marca-reactiv\/"},"modified":"2019-02-28T16:01:28","modified_gmt":"2019-02-28T22:01:28","slug":"andadera-plegable-de-aluminio-tamano-junior-con-y-sin-ruedas-marca-reactiv","status":"publish","type":"product","link":"https:\/\/www.unimedico.com.mx\/shop\/producto\/andadera-plegable-de-aluminio-tamano-junior-con-y-sin-ruedas-marca-reactiv\/","title":{"rendered":"ANDADERA PLEGABLE DE ALUMINIO TAMA\u00d1O JUNIOR CON Y SIN RUEDAS MARCA REACTIV"},"content":{"rendered":"<p>\tDise\u00f1o especial para Usuarios entre 10 y 14 a\u00f1os aproximadamente, con mecanismo de plegado sencillo de un bot\u00f3n.<\/p>\n<p>\tPlegable y ligera, fabricada en tubular de aluminio de 7\/8&#8221;, con soportes curvos laterales reforzados que brindan mayor estabilidad.<\/p>\n<p>\tSoporte Frontal acabado en pintura ep\u00f3xica, Color Amarillo. <\/p>\n<p>\tAltura ajustable mediante extens\u00f3n telesc\u00f3pica en 5 niveles con incrementos de 1&#8221;. <\/p>\n<p>\tRegatones de hule natural de alta calidad, antiderrapantes que brindan mayor seguridad.<\/p>\n<p>\tAltura: 64.5 a 74.5 cm<\/p>\n<p>\tProfundidad: 35 cm<\/p>\n<p>\tColores: Amarillo<\/p>\n<p>\tAncho: 49 cm<\/p>\n<p>\tPeso que soporta: 70 Kg<\/p>\n<p>\t<img decoding=\"async\" alt=\"\" src=\"https:\/\/www.unimedico.com.mx\/shop\/wp-content\/uploads\/2019\/02\/reactiv.jpg\" style=\"width: 150px; height: 62px;\" \/><\/p>\n","protected":false},"excerpt":{"rendered":"<p>\tDise\u00f1o especial para Usuarios entre 10 y 14 a\u00f1os aproximadamente, con mecanismo de plegado sencillo de un bot\u00f3n.<\/p>\n<p>\tPlegable y ligera, fabricada en tubular de aluminio de 7\/8&#8221;, con soportes curvos laterales reforzados que brindan mayor estabilidad.<\/p>\n<p>\tSoporte Frontal acabado en pintura ep\u00f3xica, Color Amarillo. <\/p>\n<p>\tAltura ajustable mediante extens\u00f3n telesc\u00f3pica en 5 niveles con incrementos de 1&#8221;. <\/p>\n<p>\tRegatones de hule natural de alta calidad, antiderrapantes que brindan mayor seguridad.<\/p>\n<p>\tAltura: 64.5 a 74.5 cm<\/p>\n<p>\tProfundidad: 35 cm<\/p>\n<p>\tColores: Amarillo<\/p>\n<p>\tAncho: 49 cm<\/p>\n<p>\tPeso que soporta: 70 Kg<\/p>\n<p>\t<img decoding=\"async\" alt=\"\" src=\"https:\/\/www.unimedico.com.mx\/shop\/wp-content\/uploads\/2019\/02\/reactiv.jpg\" style=\"width: 150px; height: 62px;\" \/><\/p>\n","protected":false},"featured_media":1199,"comment_status":"open","ping_status":"closed","template":"","meta":{"_et_pb_use_builder":"","_et_pb_old_content":"","_et_gb_content_width":""},"pwb-brand":[129],"product_cat":[287],"product_tag":[],"brands":[{"id":129,"name":"ReActiv","slug":"reactiv"}],"_links":{"self":[{"href":"https:\/\/www.unimedico.com.mx\/shop\/wp-json\/wp\/v3\/product\/1200"}],"collection":[{"href":"https:\/\/www.unimedico.com.mx\/shop\/wp-json\/wp\/v3\/product"}],"about":[{"href":"https:\/\/www.unimedico.com.mx\/shop\/wp-json\/wp\/v2\/types\/product"}],"replies":[{"embeddable":true,"href":"https:\/\/www.unimedico.com.mx\/shop\/wp-json\/wp\/v2\/comments?post=1200"}],"wp:featuredmedia":[{"embeddable":true,"href":"https:\/\/www.unimedico.com.mx\/shop\/wp-json\/wp\/v2\/media\/1199"}],"wp:attachment":[{"href":"https:\/\/www.unimedico.com.mx\/shop\/wp-json\/wp\/v2\/media?parent=1200"}],"wp:term":[{"taxonomy":"pwb-brand","embeddable":true,"href":"https:\/\/www.unimedico.com.mx\/shop\/wp-json\/wp\/v2\/pwb-brand?post=1200"},{"taxonomy":"product_cat","embeddable":true,"href":"https:\/\/www.unimedico.com.mx\/shop\/wp-json\/wp\/v2\/product_cat?post=1200"},{"taxonomy":"product_tag","embeddable":true,"href":"https:\/\/www.unimedico.com.mx\/shop\/wp-json\/wp\/v2\/product_tag?post=1200"}],"curies":[{"name":"wp","href":"https:\/\/api.w.org\/{rel}","templated":true}]}}