{"id":244095,"date":"2022-10-04T21:58:08","date_gmt":"2022-10-05T02:58:08","guid":{"rendered":"https:\/\/www.unimedico.com.mx\/shop\/?post_type=product&#038;p=244095"},"modified":"2022-10-04T21:58:09","modified_gmt":"2022-10-05T02:58:09","slug":"vitrina-contra-muro-de-75-90-120-cm","status":"publish","type":"product","link":"https:\/\/www.unimedico.com.mx\/shop\/producto\/vitrina-contra-muro-de-75-90-120-cm\/","title":{"rendered":"Vitrina CONTRA  MURO DE 75-90-120 CM"},"content":{"rendered":"<p>Caracter\u00edsticas:<\/p>\n<ul>\n<li>Fabricado en l\u00e1mina de acero recubierta con pintura horneada termoendurecible.<\/li>\n<li>Puertas de cristal de 6mm de espesor con jaladera que se deslizan sobre canaletas de aluminio, por medio de un sistema de correderas.<\/li>\n<li>Entrepa\u00f1o de cristal de 6mm de espesor, con cantos pulidos.<\/li>\n<li>Cremallera con t\u00e1ngano, que permite graduar en forma manual la altura del entrepa\u00f1o.<\/li>\n<li>Gabinete empotrable en pared de forma segura.<\/li>\n<\/ul>\n<p>Garant\u00eda:\u00a0Dos a\u00f1os contra defectos de fabricaci\u00f3n (excepto material el\u00e9ctrico y cromo).<\/p>\n<p>Origen:\u00a0M\u00e9xico\u00a0\u00a0 Especificaciones t\u00e9cnicas<\/p>\n<ul>\n<li>Ancho: 20 cm.<\/li>\n<li>Largo: 75 cm.<\/li>\n<li>Altura: 60 cm.<\/li>\n<li>Peso: 9.4 kg.<\/li>\n<\/ul>\n","protected":false},"excerpt":{"rendered":"<p>Especificaciones t\u00e9cnicas<\/p>\n<ul>\n<li>Ancho: 20 cm.<\/li>\n<li>Largo: 75 cm.<\/li>\n<li>Altura: 60 cm.<\/li>\n<li>Peso: 9.4 kg.<\/li>\n<\/ul>\n","protected":false},"featured_media":244096,"comment_status":"open","ping_status":"closed","template":"","meta":{"_et_pb_use_builder":"","_et_pb_old_content":"","_et_gb_content_width":""},"pwb-brand":[44],"product_cat":[231,247],"product_tag":[],"brands":[{"id":44,"name":"Unimedico","slug":"unimedico"}],"_links":{"self":[{"href":"https:\/\/www.unimedico.com.mx\/shop\/wp-json\/wp\/v3\/product\/244095"}],"collection":[{"href":"https:\/\/www.unimedico.com.mx\/shop\/wp-json\/wp\/v3\/product"}],"about":[{"href":"https:\/\/www.unimedico.com.mx\/shop\/wp-json\/wp\/v2\/types\/product"}],"replies":[{"embeddable":true,"href":"https:\/\/www.unimedico.com.mx\/shop\/wp-json\/wp\/v2\/comments?post=244095"}],"wp:featuredmedia":[{"embeddable":true,"href":"https:\/\/www.unimedico.com.mx\/shop\/wp-json\/wp\/v2\/media\/244096"}],"wp:attachment":[{"href":"https:\/\/www.unimedico.com.mx\/shop\/wp-json\/wp\/v2\/media?parent=244095"}],"wp:term":[{"taxonomy":"pwb-brand","embeddable":true,"href":"https:\/\/www.unimedico.com.mx\/shop\/wp-json\/wp\/v2\/pwb-brand?post=244095"},{"taxonomy":"product_cat","embeddable":true,"href":"https:\/\/www.unimedico.com.mx\/shop\/wp-json\/wp\/v2\/product_cat?post=244095"},{"taxonomy":"product_tag","embeddable":true,"href":"https:\/\/www.unimedico.com.mx\/shop\/wp-json\/wp\/v2\/product_tag?post=244095"}],"curies":[{"name":"wp","href":"https:\/\/api.w.org\/{rel}","templated":true}]}}