{"id":244132,"date":"2022-10-05T21:00:21","date_gmt":"2022-10-06T02:00:21","guid":{"rendered":"https:\/\/www.unimedico.com.mx\/shop\/?post_type=product&#038;p=244132"},"modified":"2022-10-05T21:00:21","modified_gmt":"2022-10-06T02:00:21","slug":"camilla-rigida-adulto-camilla-rigida-de-plastico-para-vehiculos-de-emergencias-y-rescate-marca-unimedico","status":"publish","type":"product","link":"https:\/\/www.unimedico.com.mx\/shop\/producto\/camilla-rigida-adulto-camilla-rigida-de-plastico-para-vehiculos-de-emergencias-y-rescate-marca-unimedico\/","title":{"rendered":"CAMILLA RIGIDA- ADULTO Camilla R\u00edgida de pl\u00e1stico Para Veh\u00edculos De Emergencias Y Rescate MARCA UNIMEDICO"},"content":{"rendered":"<p>Camilla r\u00edgida sin bordes para un mejor agarre. Se utiliza para transportar heridos de un lugar a otro. Junto a la camilla r\u00edgida van 3 cinturones fabricados con cinta de seguridad de 48mm x 1860mm, estos son utilizados para sujetar e inmovilizar al herido firmemente a la camilla.<\/p>\n","protected":false},"excerpt":{"rendered":"<p>Camilla r\u00edgida sin bordes para un mejor agarre. Se utiliza para transportar heridos de un lugar a otro. Junto a la camilla r\u00edgida van 3 cinturones fabricados con cinta de seguridad de 48mm x 1860mm, estos son utilizados para sujetar e inmovilizar al herido firmemente a la camilla.<\/p>\n","protected":false},"featured_media":244133,"comment_status":"open","ping_status":"closed","template":"","meta":{"_et_pb_use_builder":"","_et_pb_old_content":"","_et_gb_content_width":""},"pwb-brand":[44],"product_cat":[212,362],"product_tag":[],"brands":[{"id":44,"name":"Unimedico","slug":"unimedico"}],"_links":{"self":[{"href":"https:\/\/www.unimedico.com.mx\/shop\/wp-json\/wp\/v3\/product\/244132"}],"collection":[{"href":"https:\/\/www.unimedico.com.mx\/shop\/wp-json\/wp\/v3\/product"}],"about":[{"href":"https:\/\/www.unimedico.com.mx\/shop\/wp-json\/wp\/v2\/types\/product"}],"replies":[{"embeddable":true,"href":"https:\/\/www.unimedico.com.mx\/shop\/wp-json\/wp\/v2\/comments?post=244132"}],"wp:featuredmedia":[{"embeddable":true,"href":"https:\/\/www.unimedico.com.mx\/shop\/wp-json\/wp\/v2\/media\/244133"}],"wp:attachment":[{"href":"https:\/\/www.unimedico.com.mx\/shop\/wp-json\/wp\/v2\/media?parent=244132"}],"wp:term":[{"taxonomy":"pwb-brand","embeddable":true,"href":"https:\/\/www.unimedico.com.mx\/shop\/wp-json\/wp\/v2\/pwb-brand?post=244132"},{"taxonomy":"product_cat","embeddable":true,"href":"https:\/\/www.unimedico.com.mx\/shop\/wp-json\/wp\/v2\/product_cat?post=244132"},{"taxonomy":"product_tag","embeddable":true,"href":"https:\/\/www.unimedico.com.mx\/shop\/wp-json\/wp\/v2\/product_tag?post=244132"}],"curies":[{"name":"wp","href":"https:\/\/api.w.org\/{rel}","templated":true}]}}