{"id":244317,"date":"2022-10-12T21:24:59","date_gmt":"2022-10-13T02:24:59","guid":{"rendered":"https:\/\/www.unimedico.com.mx\/shop\/?post_type=product&#038;p=244317"},"modified":"2022-10-12T21:24:59","modified_gmt":"2022-10-13T02:24:59","slug":"botiquines-marca-unimedico-vacios","status":"publish","type":"product","link":"https:\/\/www.unimedico.com.mx\/shop\/producto\/botiquines-marca-unimedico-vacios\/","title":{"rendered":"Botiquines MARCA UNIMEDICO VACIOS"},"content":{"rendered":"<h3><span style=\"font-family: 'Arial Black',sans-serif; color: windowtext;\">Botiquines MARCA UNIMEDICO VACIOS<\/span><\/h3>\n<p class=\"price\"><span class=\"woocommerce-price-currencysymbol\"><span style=\"font-family: 'Arial Black',sans-serif;\">$<\/span><\/span><span class=\"woocommerce-price-amount\"><span style=\"font-family: 'Arial Black',sans-serif;\">315.00<\/span><\/span><span style=\"font-family: 'Arial Black',sans-serif;\"> \u2013 <span class=\"woocommerce-price-currencysymbol\">$<\/span><span class=\"woocommerce-price-amount\">470.00<\/span><\/span><\/p>\n<p><span style=\"font-family: 'Arial Black',sans-serif;\">Fabricado en l\u00e1mina calibre.24 esmaltado a pintura horneada con tres entrepa\u00f1os para organizar, con asa integrada para sostener con bisagra de libro y jaladera de pl\u00e1stico negra, etiqueta de primeros auxilios. <\/span><\/p>\n<p><strong><span style=\"font-family: 'Arial Black',sans-serif;\">Dimensiones generales:<\/span><\/strong><\/p>\n<p><strong><span style=\"font-family: 'Arial Black',sans-serif;\">Grande:<\/span><\/strong><span style=\"font-family: 'Arial Black',sans-serif;\"> 60 x 40 x 11<\/span><\/p>\n<p><strong><span style=\"font-family: 'Arial Black',sans-serif;\">Mediano:<\/span><\/strong><span style=\"font-family: 'Arial Black',sans-serif;\"> 45 x 30 x 11<\/span><\/p>\n<p><strong><span style=\"font-family: 'Arial Black',sans-serif;\">Chico:<\/span><\/strong><span style=\"font-family: 'Arial Black',sans-serif;\"> 35 x 25 x 8<\/span><\/p>\n","protected":false},"excerpt":{"rendered":"<h3><span style=\"font-family: 'Arial Black',sans-serif; color: windowtext;\">Botiquines MARCA UNIMEDICO VACIOS<\/span><\/h3>\n<p class=\"price\"><span class=\"woocommerce-price-currencysymbol\"><span style=\"font-family: 'Arial Black',sans-serif;\">$<\/span><\/span><span class=\"woocommerce-price-amount\"><span style=\"font-family: 'Arial Black',sans-serif;\">315.00<\/span><\/span><span style=\"font-family: 'Arial Black',sans-serif;\"> \u2013 <span class=\"woocommerce-price-currencysymbol\">$<\/span><span class=\"woocommerce-price-amount\">470.00<\/span><\/span><\/p>\n<p><span style=\"font-family: 'Arial Black',sans-serif;\">Fabricado en l\u00e1mina calibre.24 esmaltado a pintura horneada con tres entrepa\u00f1os para organizar, con asa integrada para sostener con bisagra de libro y jaladera de pl\u00e1stico negra, etiqueta de primeros auxilios. <\/span><\/p>\n<p><strong><span style=\"font-family: 'Arial Black',sans-serif;\">Dimensiones generales:<\/span><\/strong><\/p>\n<p><strong><span style=\"font-family: 'Arial Black',sans-serif;\">Grande:<\/span><\/strong><span style=\"font-family: 'Arial Black',sans-serif;\"> 60 x 40 x 11<\/span><\/p>\n<p><strong><span style=\"font-family: 'Arial Black',sans-serif;\">Mediano:<\/span><\/strong><span style=\"font-family: 'Arial Black',sans-serif;\"> 45 x 30 x 11<\/span><\/p>\n<p><strong><span style=\"font-family: 'Arial Black',sans-serif;\">Chico:<\/span><\/strong><span style=\"font-family: 'Arial Black',sans-serif;\"> 35 x 25 x 8<\/span><\/p>\n","protected":false},"featured_media":244318,"comment_status":"open","ping_status":"closed","template":"","meta":{"_et_pb_use_builder":"","_et_pb_old_content":"","_et_gb_content_width":""},"pwb-brand":[44],"product_cat":[371,231],"product_tag":[],"brands":[{"id":44,"name":"Unimedico","slug":"unimedico"}],"_links":{"self":[{"href":"https:\/\/www.unimedico.com.mx\/shop\/wp-json\/wp\/v3\/product\/244317"}],"collection":[{"href":"https:\/\/www.unimedico.com.mx\/shop\/wp-json\/wp\/v3\/product"}],"about":[{"href":"https:\/\/www.unimedico.com.mx\/shop\/wp-json\/wp\/v2\/types\/product"}],"replies":[{"embeddable":true,"href":"https:\/\/www.unimedico.com.mx\/shop\/wp-json\/wp\/v2\/comments?post=244317"}],"wp:featuredmedia":[{"embeddable":true,"href":"https:\/\/www.unimedico.com.mx\/shop\/wp-json\/wp\/v2\/media\/244318"}],"wp:attachment":[{"href":"https:\/\/www.unimedico.com.mx\/shop\/wp-json\/wp\/v2\/media?parent=244317"}],"wp:term":[{"taxonomy":"pwb-brand","embeddable":true,"href":"https:\/\/www.unimedico.com.mx\/shop\/wp-json\/wp\/v2\/pwb-brand?post=244317"},{"taxonomy":"product_cat","embeddable":true,"href":"https:\/\/www.unimedico.com.mx\/shop\/wp-json\/wp\/v2\/product_cat?post=244317"},{"taxonomy":"product_tag","embeddable":true,"href":"https:\/\/www.unimedico.com.mx\/shop\/wp-json\/wp\/v2\/product_tag?post=244317"}],"curies":[{"name":"wp","href":"https:\/\/api.w.org\/{rel}","templated":true}]}}