{"id":244319,"date":"2022-10-12T21:30:16","date_gmt":"2022-10-13T02:30:16","guid":{"rendered":"https:\/\/www.unimedico.com.mx\/shop\/?post_type=product&#038;p=244319"},"modified":"2022-10-12T21:30:17","modified_gmt":"2022-10-13T02:30:17","slug":"botiquin-r45-st","status":"publish","type":"product","link":"https:\/\/www.unimedico.com.mx\/shop\/producto\/botiquin-r45-st\/","title":{"rendered":"Botiqu\u00edn R45 ST"},"content":{"rendered":"<p><strong>Botiqu\u00edn R45 ST MARCA REBSTER<\/strong><br \/>\nEste modelo est\u00e1 preparado de acuerdo al instructivo No. 20 del Reglamento General de Seguridad e Higiene en el Trabajo de la Secretar\u00eda del Trabajo y Previsi\u00f3n Social, publicado en el Diario Oficial del 17 de Diciembre de 1991 y revisado en Mayo de 1994. Las dimensiones del botiqu\u00edn son: 38 cm de largo, 11.5 cm de ancho y 43 cm de alto.<br \/>\n<strong>Descripci\u00f3n<\/strong><br \/>\n3 Cajas con 1 Ap\u00f3sito de 10 cm x 10 cm REBSTER.<br \/>\n3 Cajas con 1 Ap\u00f3sito de 20 cm x 25 cm REBSTER.<br \/>\n3 Cajas con 1 Ap\u00f3sito de 25 cm x 40 cm REBSTER.<br \/>\n1 Carrete de tela adhesiva de 2.5 cm x 5 m.<br \/>\n1 Carrete de tela adhesiva de 5 cm x 5 m.<br \/>\n4 F\u00e9rulas de cart\u00f3n de 15 cm x 50 cm.<br \/>\n2 Frascos de Alcohol Desnaturalizado con 500 ml.<br \/>\n1 Frasco de Tintura de Benzalconio MOR\u00b4S con 120 ml.<br \/>\n1 Manual de Primeros Auxilios.<br \/>\n5 Paquetes con 25 abatelenguas cada uno.<br \/>\n1 Resucitadores REBSTER port\u00e1til.<br \/>\n1 Sobre de Algod\u00f3n con 100 g.<br \/>\n1 Term\u00f3metro oral.<br \/>\n1 Tijera recta.<br \/>\n2 Vendas el\u00e1sticas de 5 cm x 5 m.<br \/>\n2 Vendas el\u00e1sticas de 10 cm x 5 m.<\/p>\n","protected":false},"excerpt":{"rendered":"<p><strong>Botiqu\u00edn R45 ST MARCA REBSTER<\/strong><br \/>\nEste modelo est\u00e1 preparado de acuerdo al instructivo No. 20 del Reglamento General de Seguridad e Higiene en el Trabajo de la Secretar\u00eda del Trabajo y Previsi\u00f3n Social, publicado en el Diario Oficial del 17 de Diciembre de 1991 y revisado en Mayo de 1994. Las dimensiones del botiqu\u00edn son: 38 cm de largo, 11.5 cm de ancho y 43 cm de alto.<\/p>\n","protected":false},"featured_media":244321,"comment_status":"open","ping_status":"closed","template":"","meta":{"_et_pb_use_builder":"","_et_pb_old_content":"","_et_gb_content_width":""},"pwb-brand":[372],"product_cat":[371,231],"product_tag":[],"brands":[{"id":372,"name":"Rebster","slug":"rebster"}],"_links":{"self":[{"href":"https:\/\/www.unimedico.com.mx\/shop\/wp-json\/wp\/v3\/product\/244319"}],"collection":[{"href":"https:\/\/www.unimedico.com.mx\/shop\/wp-json\/wp\/v3\/product"}],"about":[{"href":"https:\/\/www.unimedico.com.mx\/shop\/wp-json\/wp\/v2\/types\/product"}],"replies":[{"embeddable":true,"href":"https:\/\/www.unimedico.com.mx\/shop\/wp-json\/wp\/v2\/comments?post=244319"}],"wp:featuredmedia":[{"embeddable":true,"href":"https:\/\/www.unimedico.com.mx\/shop\/wp-json\/wp\/v2\/media\/244321"}],"wp:attachment":[{"href":"https:\/\/www.unimedico.com.mx\/shop\/wp-json\/wp\/v2\/media?parent=244319"}],"wp:term":[{"taxonomy":"pwb-brand","embeddable":true,"href":"https:\/\/www.unimedico.com.mx\/shop\/wp-json\/wp\/v2\/pwb-brand?post=244319"},{"taxonomy":"product_cat","embeddable":true,"href":"https:\/\/www.unimedico.com.mx\/shop\/wp-json\/wp\/v2\/product_cat?post=244319"},{"taxonomy":"product_tag","embeddable":true,"href":"https:\/\/www.unimedico.com.mx\/shop\/wp-json\/wp\/v2\/product_tag?post=244319"}],"curies":[{"name":"wp","href":"https:\/\/api.w.org\/{rel}","templated":true}]}}