{"id":244368,"date":"2022-11-08T19:44:19","date_gmt":"2022-11-09T01:44:19","guid":{"rendered":"https:\/\/www.unimedico.com.mx\/shop\/?post_type=product&#038;p=244368"},"modified":"2022-11-08T19:44:19","modified_gmt":"2022-11-09T01:44:19","slug":"collarin-multitallas-adulto-nec-up","status":"publish","type":"product","link":"https:\/\/www.unimedico.com.mx\/shop\/producto\/collarin-multitallas-adulto-nec-up\/","title":{"rendered":"Collar\u00edn multitallas adulto Nec Up"},"content":{"rendered":"<p><span style=\"font-size: 14.0pt; font-family: 'Arial',sans-serif;\">Collar cervical de una pieza con m\u00faltiples medidas dise\u00f1ado para su uso en situaciones de emergencia y<\/span><br \/>\n<span style=\"font-size: 14.0pt; font-family: 'Arial',sans-serif;\">primero rescate. Se identifica como una soluci\u00f3n para la inmovilizaci\u00f3n de la columna cervical en pacientes<\/span><br \/>\n<span style=\"font-size: 14.0pt; font-family: 'Arial',sans-serif;\">traumatizados.<\/span><\/p>\n<p>R\u00e1pida aplicaci\u00f3n gracias al cierre strap.<br \/>\nAcceso para traqueotom\u00eda.<br \/>\nAcolchado para mayor comfort.<br \/>\nAgujero trasero para permitir la ventilaci\u00f3n y facilitar las inspecciones.<br \/>\nSoporte del la barbilla ajustable en 3 alturas para adaptarse a un gran n\u00famero de conformaciones cervicales.<br \/>\nPermite la realizaci\u00f3n de ex\u00e1menes de diagn\u00f3stico preliminares a los rayos X<\/p>\n<p><span style=\"font-size: 11.5pt; font-family: 'Arial',sans-serif;\">Detalles t\u00e9cnicos<\/span><br \/>\n<span style=\"font-size: 11.5pt; font-family: 'Arial',sans-serif;\">Medidas obtenibles en<\/span><br \/>\n<span style=\"font-size: 11.5pt; font-family: 'Arial',sans-serif;\">altura<\/span><br \/>\n<span style=\"font-size: 11.5pt; font-family: 'Arial',sans-serif;\">Tall \u2013 135 mm<\/span><br \/>\n<span style=\"font-size: 11.5pt; font-family: 'Arial',sans-serif;\">Regular \u2013 125 mm<\/span><br \/>\n<span style=\"font-size: 11.5pt; font-family: 'Arial',sans-serif;\">Short \u2013 115 mm<\/span><br \/>\n<span style=\"font-size: 11.5pt; font-family: 'Arial',sans-serif;\">Low \u2013 105 mm<\/span><br \/>\n<span style=\"font-size: 11.5pt; font-family: 'Arial',sans-serif;\">Circunferencia collar\u00edn 575 mm<\/span><br \/>\n<span style=\"font-size: 11.5pt; font-family: 'Arial',sans-serif;\">Materiales PE<\/span><br \/>\n<span style=\"font-size: 11.5pt; font-family: 'Arial',sans-serif;\">Peso 120 g<\/span><\/p>\n","protected":false},"excerpt":{"rendered":"<p><span style=\"font-size: 11.5pt; font-family: 'Arial',sans-serif;\">Detalles t\u00e9cnicos<\/span><br \/>\n<span style=\"font-size: 11.5pt; font-family: 'Arial',sans-serif;\">Medidas obtenibles en<\/span><br \/>\n<span style=\"font-size: 11.5pt; font-family: 'Arial',sans-serif;\">altura<\/span><br \/>\n<span style=\"font-size: 11.5pt; font-family: 'Arial',sans-serif;\">Tall \u2013 135 mm<\/span><br \/>\n<span style=\"font-size: 11.5pt; font-family: 'Arial',sans-serif;\">Regular \u2013 125 mm<\/span><br \/>\n<span style=\"font-size: 11.5pt; font-family: 'Arial',sans-serif;\">Short \u2013 115 mm<\/span><br \/>\n<span style=\"font-size: 11.5pt; font-family: 'Arial',sans-serif;\">Low \u2013 105 mm<\/span><br \/>\n<span style=\"font-size: 11.5pt; font-family: 'Arial',sans-serif;\">Circunferencia collar\u00edn 575 mm<\/span><br \/>\n<span style=\"font-size: 11.5pt; font-family: 'Arial',sans-serif;\">Materiales PE<\/span><br \/>\n<span style=\"font-size: 11.5pt; font-family: 'Arial',sans-serif;\">Peso 120 g<\/span><\/p>\n","protected":false},"featured_media":244369,"comment_status":"open","ping_status":"closed","template":"","meta":{"_et_pb_use_builder":"","_et_pb_old_content":"","_et_gb_content_width":""},"pwb-brand":[363],"product_cat":[215,212],"product_tag":[],"brands":[{"id":363,"name":"Spencer","slug":"spencer"}],"_links":{"self":[{"href":"https:\/\/www.unimedico.com.mx\/shop\/wp-json\/wp\/v3\/product\/244368"}],"collection":[{"href":"https:\/\/www.unimedico.com.mx\/shop\/wp-json\/wp\/v3\/product"}],"about":[{"href":"https:\/\/www.unimedico.com.mx\/shop\/wp-json\/wp\/v2\/types\/product"}],"replies":[{"embeddable":true,"href":"https:\/\/www.unimedico.com.mx\/shop\/wp-json\/wp\/v2\/comments?post=244368"}],"wp:featuredmedia":[{"embeddable":true,"href":"https:\/\/www.unimedico.com.mx\/shop\/wp-json\/wp\/v2\/media\/244369"}],"wp:attachment":[{"href":"https:\/\/www.unimedico.com.mx\/shop\/wp-json\/wp\/v2\/media?parent=244368"}],"wp:term":[{"taxonomy":"pwb-brand","embeddable":true,"href":"https:\/\/www.unimedico.com.mx\/shop\/wp-json\/wp\/v2\/pwb-brand?post=244368"},{"taxonomy":"product_cat","embeddable":true,"href":"https:\/\/www.unimedico.com.mx\/shop\/wp-json\/wp\/v2\/product_cat?post=244368"},{"taxonomy":"product_tag","embeddable":true,"href":"https:\/\/www.unimedico.com.mx\/shop\/wp-json\/wp\/v2\/product_tag?post=244368"}],"curies":[{"name":"wp","href":"https:\/\/api.w.org\/{rel}","templated":true}]}}