{"id":244376,"date":"2022-11-08T19:56:19","date_gmt":"2022-11-09T01:56:19","guid":{"rendered":"https:\/\/www.unimedico.com.mx\/shop\/?post_type=product&#038;p=244376"},"modified":"2022-11-08T19:56:19","modified_gmt":"2022-11-09T01:56:19","slug":"collarin-ajustable-mini-ambu","status":"publish","type":"product","link":"https:\/\/www.unimedico.com.mx\/shop\/producto\/collarin-ajustable-mini-ambu\/","title":{"rendered":"Collar\u00edn ajustable mini Ambu"},"content":{"rendered":"<p>El collar\u00edn ajustable mini es el \u00fanico dispositivo de inmovilizaci\u00f3n de columna cervical r\u00edgido de una sola pieza . Doce graduaciones de ajuste.<\/p>\n<p>Tama\u00f1os ajustables:1-Neonato.2-Pedi\u00e1trico.3-Adulto peque\u00f1o.<\/p>\n<p>Material polietileno.<\/p>\n","protected":false},"excerpt":{"rendered":"<p>El collar\u00edn ajustable mini es el \u00fanico dispositivo de inmovilizaci\u00f3n de columna cervical r\u00edgido de una sola pieza . Doce graduaciones de ajuste.<\/p>\n<p>Tama\u00f1os ajustables:1-Neonato.2-Pedi\u00e1trico.3-Adulto peque\u00f1o.<\/p>\n<p>Material polietileno.<\/p>\n","protected":false},"featured_media":244377,"comment_status":"open","ping_status":"closed","template":"","meta":{"_et_pb_use_builder":"","_et_pb_old_content":"","_et_gb_content_width":""},"pwb-brand":[89],"product_cat":[215,212],"product_tag":[],"brands":[{"id":89,"name":"Ambu","slug":"ambu"}],"_links":{"self":[{"href":"https:\/\/www.unimedico.com.mx\/shop\/wp-json\/wp\/v3\/product\/244376"}],"collection":[{"href":"https:\/\/www.unimedico.com.mx\/shop\/wp-json\/wp\/v3\/product"}],"about":[{"href":"https:\/\/www.unimedico.com.mx\/shop\/wp-json\/wp\/v2\/types\/product"}],"replies":[{"embeddable":true,"href":"https:\/\/www.unimedico.com.mx\/shop\/wp-json\/wp\/v2\/comments?post=244376"}],"wp:featuredmedia":[{"embeddable":true,"href":"https:\/\/www.unimedico.com.mx\/shop\/wp-json\/wp\/v2\/media\/244377"}],"wp:attachment":[{"href":"https:\/\/www.unimedico.com.mx\/shop\/wp-json\/wp\/v2\/media?parent=244376"}],"wp:term":[{"taxonomy":"pwb-brand","embeddable":true,"href":"https:\/\/www.unimedico.com.mx\/shop\/wp-json\/wp\/v2\/pwb-brand?post=244376"},{"taxonomy":"product_cat","embeddable":true,"href":"https:\/\/www.unimedico.com.mx\/shop\/wp-json\/wp\/v2\/product_cat?post=244376"},{"taxonomy":"product_tag","embeddable":true,"href":"https:\/\/www.unimedico.com.mx\/shop\/wp-json\/wp\/v2\/product_tag?post=244376"}],"curies":[{"name":"wp","href":"https:\/\/api.w.org\/{rel}","templated":true}]}}