{"id":244378,"date":"2022-11-08T21:04:32","date_gmt":"2022-11-09T03:04:32","guid":{"rendered":"https:\/\/www.unimedico.com.mx\/shop\/?post_type=product&#038;p=244378"},"modified":"2022-11-08T21:04:33","modified_gmt":"2022-11-09T03:04:33","slug":"collarin-cervical-ajustable-adulto","status":"publish","type":"product","link":"https:\/\/www.unimedico.com.mx\/shop\/producto\/collarin-cervical-ajustable-adulto\/","title":{"rendered":"Collar\u00edn cervical ajustable adulto"},"content":{"rendered":"<p>Sistema codificado en colores para f\u00e1cil interpretaci\u00f3n y ajuste perfecto. Ajustable 16 tama\u00f1os de adulto.<br \/>\nBotones de seguridad para fijar las posiciones. 100% traslucido a los rayos \u201cX\u201d. Se almacena completamente plano.<\/p>\n","protected":false},"excerpt":{"rendered":"<p>Sistema codificado en colores para f\u00e1cil interpretaci\u00f3n y ajuste perfecto. Ajustable 16 tama\u00f1os de adulto.<br \/>\nBotones de seguridad para fijar las posiciones. 100% traslucido a los rayos \u201cX\u201d. Se almacena completamente plano.<\/p>\n","protected":false},"featured_media":244380,"comment_status":"open","ping_status":"closed","template":"","meta":{"_et_pb_use_builder":"","_et_pb_old_content":"","_et_gb_content_width":""},"pwb-brand":[89],"product_cat":[215,212],"product_tag":[],"brands":[{"id":89,"name":"Ambu","slug":"ambu"}],"_links":{"self":[{"href":"https:\/\/www.unimedico.com.mx\/shop\/wp-json\/wp\/v3\/product\/244378"}],"collection":[{"href":"https:\/\/www.unimedico.com.mx\/shop\/wp-json\/wp\/v3\/product"}],"about":[{"href":"https:\/\/www.unimedico.com.mx\/shop\/wp-json\/wp\/v2\/types\/product"}],"replies":[{"embeddable":true,"href":"https:\/\/www.unimedico.com.mx\/shop\/wp-json\/wp\/v2\/comments?post=244378"}],"wp:featuredmedia":[{"embeddable":true,"href":"https:\/\/www.unimedico.com.mx\/shop\/wp-json\/wp\/v2\/media\/244380"}],"wp:attachment":[{"href":"https:\/\/www.unimedico.com.mx\/shop\/wp-json\/wp\/v2\/media?parent=244378"}],"wp:term":[{"taxonomy":"pwb-brand","embeddable":true,"href":"https:\/\/www.unimedico.com.mx\/shop\/wp-json\/wp\/v2\/pwb-brand?post=244378"},{"taxonomy":"product_cat","embeddable":true,"href":"https:\/\/www.unimedico.com.mx\/shop\/wp-json\/wp\/v2\/product_cat?post=244378"},{"taxonomy":"product_tag","embeddable":true,"href":"https:\/\/www.unimedico.com.mx\/shop\/wp-json\/wp\/v2\/product_tag?post=244378"}],"curies":[{"name":"wp","href":"https:\/\/api.w.org\/{rel}","templated":true}]}}