{"id":244388,"date":"2022-11-08T21:22:59","date_gmt":"2022-11-09T03:22:59","guid":{"rendered":"https:\/\/www.unimedico.com.mx\/shop\/?post_type=product&#038;p=244388"},"modified":"2022-11-08T21:22:59","modified_gmt":"2022-11-09T03:22:59","slug":"ferula-rigida-radiotransparente-juego-con-4-piezas","status":"publish","type":"product","link":"https:\/\/www.unimedico.com.mx\/shop\/producto\/ferula-rigida-radiotransparente-juego-con-4-piezas\/","title":{"rendered":"F\u00e9rula r\u00edgida, radiotransparente, juego con 4 piezas"},"content":{"rendered":"<p><strong>F\u00e9rula r\u00edgida, radiotransparente, juego con 4 piezas<\/strong><\/p>\n<p><strong>MARCA UNIMEDICO EMS -MEDIHELP<\/strong><\/p>\n<p>Origen:\u00a0<strong>M\u00e9xico<\/strong><\/p>\n","protected":false},"excerpt":{"rendered":"<p><strong>F\u00e9rula r\u00edgida, radiotransparente, juego con 4 piezas<\/strong><\/p>\n<p><strong>MARCA UNIMEDICO EMS -MEDIHELP<\/strong><\/p>\n<p>Origen:\u00a0<strong>M\u00e9xico<\/strong><\/p>\n","protected":false},"featured_media":244389,"comment_status":"open","ping_status":"closed","template":"","meta":{"_et_pb_use_builder":"","_et_pb_old_content":"","_et_gb_content_width":""},"pwb-brand":[44],"product_cat":[378,212],"product_tag":[],"brands":[{"id":44,"name":"Unimedico","slug":"unimedico"}],"_links":{"self":[{"href":"https:\/\/www.unimedico.com.mx\/shop\/wp-json\/wp\/v3\/product\/244388"}],"collection":[{"href":"https:\/\/www.unimedico.com.mx\/shop\/wp-json\/wp\/v3\/product"}],"about":[{"href":"https:\/\/www.unimedico.com.mx\/shop\/wp-json\/wp\/v2\/types\/product"}],"replies":[{"embeddable":true,"href":"https:\/\/www.unimedico.com.mx\/shop\/wp-json\/wp\/v2\/comments?post=244388"}],"wp:featuredmedia":[{"embeddable":true,"href":"https:\/\/www.unimedico.com.mx\/shop\/wp-json\/wp\/v2\/media\/244389"}],"wp:attachment":[{"href":"https:\/\/www.unimedico.com.mx\/shop\/wp-json\/wp\/v2\/media?parent=244388"}],"wp:term":[{"taxonomy":"pwb-brand","embeddable":true,"href":"https:\/\/www.unimedico.com.mx\/shop\/wp-json\/wp\/v2\/pwb-brand?post=244388"},{"taxonomy":"product_cat","embeddable":true,"href":"https:\/\/www.unimedico.com.mx\/shop\/wp-json\/wp\/v2\/product_cat?post=244388"},{"taxonomy":"product_tag","embeddable":true,"href":"https:\/\/www.unimedico.com.mx\/shop\/wp-json\/wp\/v2\/product_tag?post=244388"}],"curies":[{"name":"wp","href":"https:\/\/api.w.org\/{rel}","templated":true}]}}