{"id":244395,"date":"2022-11-08T21:32:35","date_gmt":"2022-11-09T03:32:35","guid":{"rendered":"https:\/\/www.unimedico.com.mx\/shop\/?post_type=product&#038;p=244395"},"modified":"2022-11-08T21:32:35","modified_gmt":"2022-11-09T03:32:35","slug":"kit-completo-prosplint-color-azul-cat-fer-sp3908","status":"publish","type":"product","link":"https:\/\/www.unimedico.com.mx\/shop\/producto\/kit-completo-prosplint-color-azul-cat-fer-sp3908\/","title":{"rendered":"Kit completo Prosplint, Color Azul Cat. FER-SP3908"},"content":{"rendered":"<p><strong>Kit completo Prosplint, Color Azul Cat. FER-SP3908 Marca Ferno <\/strong><\/p>\n<p><u>Caracteristicas:<\/u><\/p>\n<ul>\n<li>Su dise\u00f1o universal les permite ser usadas en las extremidades izquierdas o derechas<\/li>\n<li>Hechas en espuma de Minicel\u00ae , material no absorbente<\/li>\n<li>F\u00e1cil limpieza de sangre y fluidos corporales<\/li>\n<li>F\u00e1cil y r\u00e1pido ajuste al \u00e1rea lesionada<\/li>\n<li>Los sujetadores tipo velcro hacen que la aplicaci\u00f3n sea r\u00e1pida y f\u00e1cil<\/li>\n<li>No se afecta por la temperatura severa ni por las condiciones del tiempo<\/li>\n<li>Transl\u00facido a los Rayos-X y compatibles con MRI<\/li>\n<\/ul>\n<p><u>Incluye:<\/u><\/p>\n<ul>\n<li>combo de f\u00e9rulas (acodada con bisagra)<\/li>\n<li>f\u00e9rula para pierna peque\u00f1a<\/li>\n<li>f\u00e9rula para pierna grande<\/li>\n<li>f\u00e9rula para brazo peque\u00f1o<\/li>\n<li>f\u00e9rula para brazo grande<\/li>\n<li>f\u00e9rula para mu\u00f1ecas\/antebrazo (para adultos)<\/li>\n<\/ul>\n<p>bolsa de transporte<\/p>\n","protected":false},"excerpt":{"rendered":"<p><u>Incluye:<\/u><\/p>\n<ul>\n<li>combo de f\u00e9rulas (acodada con bisagra)<\/li>\n<li>f\u00e9rula para pierna peque\u00f1a<\/li>\n<li>f\u00e9rula para pierna grande<\/li>\n<li>f\u00e9rula para brazo peque\u00f1o<\/li>\n<li>f\u00e9rula para brazo grande<\/li>\n<li>f\u00e9rula para mu\u00f1ecas\/antebrazo (para adultos)<\/li>\n<\/ul>\n<p>bolsa de transporte<\/p>\n","protected":false},"featured_media":244397,"comment_status":"open","ping_status":"closed","template":"","meta":{"_et_pb_use_builder":"","_et_pb_old_content":"","_et_gb_content_width":""},"pwb-brand":[52],"product_cat":[378,212],"product_tag":[],"brands":[{"id":52,"name":"Ferno","slug":"ferno"}],"_links":{"self":[{"href":"https:\/\/www.unimedico.com.mx\/shop\/wp-json\/wp\/v3\/product\/244395"}],"collection":[{"href":"https:\/\/www.unimedico.com.mx\/shop\/wp-json\/wp\/v3\/product"}],"about":[{"href":"https:\/\/www.unimedico.com.mx\/shop\/wp-json\/wp\/v2\/types\/product"}],"replies":[{"embeddable":true,"href":"https:\/\/www.unimedico.com.mx\/shop\/wp-json\/wp\/v2\/comments?post=244395"}],"wp:featuredmedia":[{"embeddable":true,"href":"https:\/\/www.unimedico.com.mx\/shop\/wp-json\/wp\/v2\/media\/244397"}],"wp:attachment":[{"href":"https:\/\/www.unimedico.com.mx\/shop\/wp-json\/wp\/v2\/media?parent=244395"}],"wp:term":[{"taxonomy":"pwb-brand","embeddable":true,"href":"https:\/\/www.unimedico.com.mx\/shop\/wp-json\/wp\/v2\/pwb-brand?post=244395"},{"taxonomy":"product_cat","embeddable":true,"href":"https:\/\/www.unimedico.com.mx\/shop\/wp-json\/wp\/v2\/product_cat?post=244395"},{"taxonomy":"product_tag","embeddable":true,"href":"https:\/\/www.unimedico.com.mx\/shop\/wp-json\/wp\/v2\/product_tag?post=244395"}],"curies":[{"name":"wp","href":"https:\/\/api.w.org\/{rel}","templated":true}]}}