{"id":244398,"date":"2022-11-08T21:35:40","date_gmt":"2022-11-09T03:35:40","guid":{"rendered":"https:\/\/www.unimedico.com.mx\/shop\/?post_type=product&#038;p=244398"},"modified":"2022-11-08T21:35:40","modified_gmt":"2022-11-09T03:35:40","slug":"ferula-de-vacio-jgo-c-3","status":"publish","type":"product","link":"https:\/\/www.unimedico.com.mx\/shop\/producto\/ferula-de-vacio-jgo-c-3\/","title":{"rendered":"FERULA DE VACIO JGO C\/3"},"content":{"rendered":"<h3>FERULA DE VACIO JGO C\/3MARCA UNIMEDICO EMS<\/h3>\n<ul>\n<li>F\u00e9rula desechable, eliminan la preocupaci\u00f3n de que los productos caros sean perdido o abandonado en el hospital. Estos productos son ideales para emergencias m\u00e9dicas, industriales y mercados de entrenamiento atl\u00e9tico.<\/li>\n<li>Las f\u00e9rulas de mu\u00f1eca \/ tobillo, brazo y pierna cuentan con correas de velcro T-Lock que proporcionan una m\u00e9todo f\u00e1cil de asegurar las f\u00e9rulas.<\/li>\n<li>Compatible con rayos X, tomograf\u00eda computarizada y resonancia magn\u00e9tica<\/li>\n<li>Vac\u00edo de 12 horas garantizado<\/li>\n<li>Compatible con la mayor\u00eda de fuentes de vac\u00edo<\/li>\n<li>Fijaci\u00f3n r\u00e1pida<\/li>\n<li>Empaquetado en un estuche de nylon duradero con EMS<\/li>\n<li>Adaptador y bomba de mano Econo-Vac.<\/li>\n<\/ul>\n","protected":false},"excerpt":{"rendered":"<ul>\n<li>F\u00e9rula desechable, eliminan la preocupaci\u00f3n de que los productos caros sean perdido o abandonado en el hospital. Estos productos son ideales para emergencias m\u00e9dicas, industriales y mercados de entrenamiento atl\u00e9tico.<\/li>\n<li>Las f\u00e9rulas de mu\u00f1eca \/ tobillo, brazo y pierna cuentan con correas de velcro T-Lock que proporcionan una m\u00e9todo f\u00e1cil de asegurar las f\u00e9rulas.<\/li>\n<li>Compatible con rayos X, tomograf\u00eda computarizada y resonancia magn\u00e9tica<\/li>\n<li>Vac\u00edo de 12 horas garantizado<\/li>\n<li>Compatible con la mayor\u00eda de fuentes de vac\u00edo<\/li>\n<li>Fijaci\u00f3n r\u00e1pida<\/li>\n<li>Empaquetado en un estuche de nylon duradero con EMS<\/li>\n<li>Adaptador y bomba de mano Econo-Vac.<\/li>\n<\/ul>\n","protected":false},"featured_media":244399,"comment_status":"open","ping_status":"closed","template":"","meta":{"_et_pb_use_builder":"","_et_pb_old_content":"","_et_gb_content_width":""},"pwb-brand":[44],"product_cat":[378,212],"product_tag":[],"brands":[{"id":44,"name":"Unimedico","slug":"unimedico"}],"_links":{"self":[{"href":"https:\/\/www.unimedico.com.mx\/shop\/wp-json\/wp\/v3\/product\/244398"}],"collection":[{"href":"https:\/\/www.unimedico.com.mx\/shop\/wp-json\/wp\/v3\/product"}],"about":[{"href":"https:\/\/www.unimedico.com.mx\/shop\/wp-json\/wp\/v2\/types\/product"}],"replies":[{"embeddable":true,"href":"https:\/\/www.unimedico.com.mx\/shop\/wp-json\/wp\/v2\/comments?post=244398"}],"wp:featuredmedia":[{"embeddable":true,"href":"https:\/\/www.unimedico.com.mx\/shop\/wp-json\/wp\/v2\/media\/244399"}],"wp:attachment":[{"href":"https:\/\/www.unimedico.com.mx\/shop\/wp-json\/wp\/v2\/media?parent=244398"}],"wp:term":[{"taxonomy":"pwb-brand","embeddable":true,"href":"https:\/\/www.unimedico.com.mx\/shop\/wp-json\/wp\/v2\/pwb-brand?post=244398"},{"taxonomy":"product_cat","embeddable":true,"href":"https:\/\/www.unimedico.com.mx\/shop\/wp-json\/wp\/v2\/product_cat?post=244398"},{"taxonomy":"product_tag","embeddable":true,"href":"https:\/\/www.unimedico.com.mx\/shop\/wp-json\/wp\/v2\/product_tag?post=244398"}],"curies":[{"name":"wp","href":"https:\/\/api.w.org\/{rel}","templated":true}]}}