{"id":244400,"date":"2022-11-08T21:37:53","date_gmt":"2022-11-09T03:37:53","guid":{"rendered":"https:\/\/www.unimedico.com.mx\/shop\/?post_type=product&#038;p=244400"},"modified":"2022-11-08T21:37:53","modified_gmt":"2022-11-09T03:37:53","slug":"ferula-de-traccion-c135-0004","status":"publish","type":"product","link":"https:\/\/www.unimedico.com.mx\/shop\/producto\/ferula-de-traccion-c135-0004\/","title":{"rendered":"FERULA DE TRACCION C135-0004"},"content":{"rendered":"<h3>FERULA DE TRACCION C135-0004 MARCA FERNO<\/h3>\n<ul>\n<li>Esta \u00fatil f\u00e9rula, brinda la posibilidad de tratar cuando es requerido dentro del protocolo de acci\u00f3n de las facturas en extremidades inferiores con tracci\u00f3n efectiva a un bajo costo.<\/li>\n<li>Fabricada por aluminio moldeado, lo que la hace ligera y a la vez resistente.<\/li>\n<li>Su sistema de correas logra hacer un ajuste intuitivo y f\u00e1cil para el respondiente y cuando ya esta aplicada al reducir movimientos de la extremidad se toma una herramienta efectiva y c\u00f3moda para el paciente.<\/li>\n<li>Compacto, fuerte y ligero.<\/li>\n<li>QD-3:Unidad pedi\u00e1trica.<\/li>\n<li>Aluminio moldeado de trinquete.<\/li>\n<li>Sistema integral de correas.<\/li>\n<li>Prueba de campo<\/li>\n<li>QD-4:Unidad utilizada en pedi\u00e1trico y adultos.<\/li>\n<li>Sistema de ajuste intuitivo.<\/li>\n<li>M\u00ednimo de movimiento del paciente<\/li>\n<\/ul>\n","protected":false},"excerpt":{"rendered":"<ul>\n<li>Esta \u00fatil f\u00e9rula, brinda la posibilidad de tratar cuando es requerido dentro del protocolo de acci\u00f3n de las facturas en extremidades inferiores con tracci\u00f3n efectiva a un bajo costo.<\/li>\n<li>Fabricada por aluminio moldeado, lo que la hace ligera y a la vez resistente.<\/li>\n<li>Su sistema de correas logra hacer un ajuste intuitivo y f\u00e1cil para el respondiente y cuando ya esta aplicada al reducir movimientos de la extremidad se toma una herramienta efectiva y c\u00f3moda para el paciente.<\/li>\n<li>Compacto, fuerte y ligero.<\/li>\n<li>QD-3:Unidad pedi\u00e1trica.<\/li>\n<li>Aluminio moldeado de trinquete.<\/li>\n<li>Sistema integral de correas.<\/li>\n<li>Prueba de campo<\/li>\n<li>QD-4:Unidad utilizada en pedi\u00e1trico y adultos.<\/li>\n<li>Sistema de ajuste intuitivo.<\/li>\n<li>M\u00ednimo de movimiento del paciente<\/li>\n<\/ul>\n","protected":false},"featured_media":244401,"comment_status":"open","ping_status":"closed","template":"","meta":{"_et_pb_use_builder":"","_et_pb_old_content":"","_et_gb_content_width":""},"pwb-brand":[52],"product_cat":[378,212],"product_tag":[],"brands":[{"id":52,"name":"Ferno","slug":"ferno"}],"_links":{"self":[{"href":"https:\/\/www.unimedico.com.mx\/shop\/wp-json\/wp\/v3\/product\/244400"}],"collection":[{"href":"https:\/\/www.unimedico.com.mx\/shop\/wp-json\/wp\/v3\/product"}],"about":[{"href":"https:\/\/www.unimedico.com.mx\/shop\/wp-json\/wp\/v2\/types\/product"}],"replies":[{"embeddable":true,"href":"https:\/\/www.unimedico.com.mx\/shop\/wp-json\/wp\/v2\/comments?post=244400"}],"wp:featuredmedia":[{"embeddable":true,"href":"https:\/\/www.unimedico.com.mx\/shop\/wp-json\/wp\/v2\/media\/244401"}],"wp:attachment":[{"href":"https:\/\/www.unimedico.com.mx\/shop\/wp-json\/wp\/v2\/media?parent=244400"}],"wp:term":[{"taxonomy":"pwb-brand","embeddable":true,"href":"https:\/\/www.unimedico.com.mx\/shop\/wp-json\/wp\/v2\/pwb-brand?post=244400"},{"taxonomy":"product_cat","embeddable":true,"href":"https:\/\/www.unimedico.com.mx\/shop\/wp-json\/wp\/v2\/product_cat?post=244400"},{"taxonomy":"product_tag","embeddable":true,"href":"https:\/\/www.unimedico.com.mx\/shop\/wp-json\/wp\/v2\/product_tag?post=244400"}],"curies":[{"name":"wp","href":"https:\/\/api.w.org\/{rel}","templated":true}]}}