{"id":244406,"date":"2022-11-08T21:46:25","date_gmt":"2022-11-09T03:46:25","guid":{"rendered":"https:\/\/www.unimedico.com.mx\/shop\/?post_type=product&#038;p=244406"},"modified":"2022-11-08T21:46:25","modified_gmt":"2022-11-09T03:46:25","slug":"ferulas-rigida-juego-de-6-piezas","status":"publish","type":"product","link":"https:\/\/www.unimedico.com.mx\/shop\/producto\/ferulas-rigida-juego-de-6-piezas\/","title":{"rendered":"FERULAS RIGIDA JUEGO DE 6 PIEZAS"},"content":{"rendered":"<p>F\u00e9rulas r\u00edgidas de uso prehospitalario con 6 piezas: En vinilona de alta resistencia con alma de MDF (Medium Density Fibreboard). Marca: SERO. Consta de 6 piezas: 2 para miembros superiores tama\u00f1o mediano y grande 2 para miembros inferiores tama\u00f1o mediano y grande y 2 pedi\u00e1tricas incluye funda protectora para colgarse al hombro. Disponibles en color azul y naranja \u00a1\u00a1Somos fabricantes!!, pregunta por precios de mayoreo.<\/p>\n","protected":false},"excerpt":{"rendered":"<p>F\u00e9rulas r\u00edgidas de uso prehospitalario con 6 piezas: En vinilona de alta resistencia con alma de MDF (Medium Density Fibreboard). Marca: SERO. Consta de 6 piezas: 2 para miembros superiores tama\u00f1o mediano y grande 2 para miembros inferiores tama\u00f1o mediano y grande y 2 pedi\u00e1tricas incluye funda protectora para colgarse al hombro. Disponibles en color azul y naranja \u00a1\u00a1Somos fabricantes!!, pregunta por precios de mayoreo.<\/p>\n","protected":false},"featured_media":244408,"comment_status":"open","ping_status":"closed","template":"","meta":{"_et_pb_use_builder":"","_et_pb_old_content":"","_et_gb_content_width":""},"pwb-brand":[381],"product_cat":[378,212],"product_tag":[],"brands":[{"id":381,"name":"Sero","slug":"sero"}],"_links":{"self":[{"href":"https:\/\/www.unimedico.com.mx\/shop\/wp-json\/wp\/v3\/product\/244406"}],"collection":[{"href":"https:\/\/www.unimedico.com.mx\/shop\/wp-json\/wp\/v3\/product"}],"about":[{"href":"https:\/\/www.unimedico.com.mx\/shop\/wp-json\/wp\/v2\/types\/product"}],"replies":[{"embeddable":true,"href":"https:\/\/www.unimedico.com.mx\/shop\/wp-json\/wp\/v2\/comments?post=244406"}],"wp:featuredmedia":[{"embeddable":true,"href":"https:\/\/www.unimedico.com.mx\/shop\/wp-json\/wp\/v2\/media\/244408"}],"wp:attachment":[{"href":"https:\/\/www.unimedico.com.mx\/shop\/wp-json\/wp\/v2\/media?parent=244406"}],"wp:term":[{"taxonomy":"pwb-brand","embeddable":true,"href":"https:\/\/www.unimedico.com.mx\/shop\/wp-json\/wp\/v2\/pwb-brand?post=244406"},{"taxonomy":"product_cat","embeddable":true,"href":"https:\/\/www.unimedico.com.mx\/shop\/wp-json\/wp\/v2\/product_cat?post=244406"},{"taxonomy":"product_tag","embeddable":true,"href":"https:\/\/www.unimedico.com.mx\/shop\/wp-json\/wp\/v2\/product_tag?post=244406"}],"curies":[{"name":"wp","href":"https:\/\/api.w.org\/{rel}","templated":true}]}}