{"id":244501,"date":"2022-11-10T18:03:49","date_gmt":"2022-11-11T00:03:49","guid":{"rendered":"https:\/\/www.unimedico.com.mx\/shop\/?post_type=product&#038;p=244501"},"modified":"2022-11-10T18:07:22","modified_gmt":"2022-11-11T00:07:22","slug":"concentrador-de-oxigeno-525ds-drive-devilbiss-5l-fab","status":"publish","type":"product","link":"https:\/\/www.unimedico.com.mx\/shop\/producto\/concentrador-de-oxigeno-525ds-drive-devilbiss-5l-fab\/","title":{"rendered":"Concentrador de Ox\u00edgeno 525DS  DRIVE-DeVilbiss 5L FAB"},"content":{"rendered":"<p>Concentrador de Ox\u00edgeno 525DS\u00a0 DRIVE-DeVilbiss 5L FAB U.S.A<\/p>\n<p>Construido bajo el legado de confiabilidad probada, el concentrador de ox\u00edgeno DeVilbiss de 5 litros est\u00e1 dise\u00f1ado con calidad mejorada, durabilidad y desempe\u00f1o basados en la idea de simplicidad. Es robusto, silencioso y de bajo costo operativo.<\/p>\n<ul>\n<li>Presi\u00f3n de salida: 8.5 PSI.<\/li>\n<li>Cuenta con alarma sensor de ox\u00edgeno OSD, que proporciona al paciente seguridad y confianza por m\u00e1s largos intervalos de servicio.<\/li>\n<li>Conector a c\u00e1nula protegido y cavidad de humidificador para evitar da\u00f1os.<\/li>\n<li>Fluj\u00f3metro con seguro.<\/li>\n<li>Concentraci\u00f3n de ox\u00edgeno: 1-5 LPM = 87-96%<\/li>\n<li>Consumo de energ\u00eda: 310 W promedio.<\/li>\n<li>275 W 1.2 LPM.<\/li>\n<li>Nivel Sonoro: 48 dB(A).<\/li>\n<li>Alarmas visual y auditiva: Alta \/ Baja presi\u00f3n, bajo flujo, bajo ox\u00edgeno y corte de corriente.<\/li>\n<\/ul>\n","protected":false},"excerpt":{"rendered":"<p>Construido bajo el legado de confiabilidad probada, el concentrador de ox\u00edgeno DeVilbiss de 5 litros est\u00e1 dise\u00f1ado con calidad mejorada, durabilidad y desempe\u00f1o basados en la idea de simplicidad. Es robusto, silencioso y de bajo costo operativo.<\/p>\n","protected":false},"featured_media":244503,"comment_status":"open","ping_status":"closed","template":"","meta":{"_et_pb_use_builder":"","_et_pb_old_content":"","_et_gb_content_width":""},"pwb-brand":[391],"product_cat":[392,350],"product_tag":[],"brands":[{"id":391,"name":"Drive DeVilbiss","slug":"drive-devilbiss"}],"_links":{"self":[{"href":"https:\/\/www.unimedico.com.mx\/shop\/wp-json\/wp\/v3\/product\/244501"}],"collection":[{"href":"https:\/\/www.unimedico.com.mx\/shop\/wp-json\/wp\/v3\/product"}],"about":[{"href":"https:\/\/www.unimedico.com.mx\/shop\/wp-json\/wp\/v2\/types\/product"}],"replies":[{"embeddable":true,"href":"https:\/\/www.unimedico.com.mx\/shop\/wp-json\/wp\/v2\/comments?post=244501"}],"wp:featuredmedia":[{"embeddable":true,"href":"https:\/\/www.unimedico.com.mx\/shop\/wp-json\/wp\/v2\/media\/244503"}],"wp:attachment":[{"href":"https:\/\/www.unimedico.com.mx\/shop\/wp-json\/wp\/v2\/media?parent=244501"}],"wp:term":[{"taxonomy":"pwb-brand","embeddable":true,"href":"https:\/\/www.unimedico.com.mx\/shop\/wp-json\/wp\/v2\/pwb-brand?post=244501"},{"taxonomy":"product_cat","embeddable":true,"href":"https:\/\/www.unimedico.com.mx\/shop\/wp-json\/wp\/v2\/product_cat?post=244501"},{"taxonomy":"product_tag","embeddable":true,"href":"https:\/\/www.unimedico.com.mx\/shop\/wp-json\/wp\/v2\/product_tag?post=244501"}],"curies":[{"name":"wp","href":"https:\/\/api.w.org\/{rel}","templated":true}]}}