{"id":244519,"date":"2022-11-10T18:25:41","date_gmt":"2022-11-11T00:25:41","guid":{"rendered":"https:\/\/www.unimedico.com.mx\/shop\/?post_type=product&#038;p=244519"},"modified":"2022-11-10T18:25:41","modified_gmt":"2022-11-11T00:25:41","slug":"concentrador-de-oxigeno-mod-everflo-de-5-litros","status":"publish","type":"product","link":"https:\/\/www.unimedico.com.mx\/shop\/producto\/concentrador-de-oxigeno-mod-everflo-de-5-litros\/","title":{"rendered":"CONCENTRADOR DE OXIGENO MOD EVERFLO DE 5 LITROS"},"content":{"rendered":"<h3>CONCENTRADOR DE OXIGENO MOD EVERFLO DE 5 LITROS MARCA PHILLIPS<\/h3>\n<p><strong>Descripci\u00f3n<\/strong><\/p>\n<p>Concentrador de Oxigeno Everflo, de la marca PHILIPS, una de las marcas mas reconocidas a nivel mundial, reconocida por su lujo, calidad y durabilidad.<\/p>\n<p>Con garant\u00eda de 3 a\u00f1os por cualquier defecto de fabricaci\u00f3n desde la fecha de elaboraci\u00f3n.<br \/>\n100% NUEVO DE FABRICA<br \/>\nNota:<br \/>\nLa garant\u00eda quedar\u00e1 invalidada si el concentrador o cualquiera de sus partes han sido da\u00f1adas por accidente, uso inapropiado, descargas el\u00e9ctricas, negligencia, alteraci\u00f3n, abuso, mal uso, reparaci\u00f3n por personal no autorizado u otra causa que no provenga por defectos de materiales o mano de obra.<br \/>\nEl desgaste normal de componentes en operaci\u00f3n regular y las fallas resultantes de ella no est\u00e1n cubiertas por esta garant\u00eda.<\/p>\n<p>Incluye Vaso y c\u00e1nula de 2.1 m<\/p>\n<p>El Everflo es uno de los concentradores m\u00e1s peque\u00f1o y ligero del mercado.<\/p>\n<p>Su dise\u00f1o ergon\u00f3mico y de l\u00edneas elegantes hace que EverFlo sea m\u00e1s f\u00e1cil de guardar, mover y transportar que los concentradores convencionales.<\/p>\n<p>El Concentrador de Oxigeno Everflo es uno de los dispositivos menos ruidosos y que menos energ\u00eda consumen de los existentes hoy en d\u00eda.<\/p>\n<p>Sin filtro que los pacientes tengan que limpiar, con una salida de ox\u00edgeno met\u00e1lica duradera y con menos partes m\u00f3viles que otros concentradores, EverFlo\u2122 se ha dise\u00f1ado para lograr un funcionamiento regular y sin problemas.<\/p>\n<p><strong>CARACTERISTICAS<\/strong><br \/>\n&#8211; Ligero y f\u00e1cil de transportar<br \/>\n&#8211; El concentrador de ox\u00edgeno EverFlo pesa s\u00f3lo 14 kg, lo que reduce los costos de env\u00edo y almacenamiento, as\u00ed como los riesgos de lesiones.<br \/>\n&#8211; La serie de productos Right Fit se concentra en las necesidades de los pacientes<br \/>\nEverFlo forma parte de la cartera de productos Right Fit, que representa una cartera de productos para la realizaci\u00f3n de terapias de ox\u00edgeno<br \/>\n&#8211; Gracias a su dise\u00f1o compacto, no tiene tanto aspecto de equipo m\u00e9dico<br \/>\n&#8211; El dise\u00f1o ergon\u00f3mico de EverFlo ocupa menos espacio y no llama tanto la atenci\u00f3n.<br \/>\n&#8211; Como necesita poco mantenimiento, reduce los costos de servicio<br \/>\n&#8211; No requiere cambio de filtro por parte del responsable del cuidado de la salud por, al menos, un a\u00f1o. Los pacientes nunca tendr\u00e1n que cambiar los filtros.<br \/>\n&#8211; El menor consumo de energ\u00eda hace de EverFlo un dispositivo amigable para el paciente<br \/>\n&#8211; El sistema requiere menos electricidad y produce menos calor.<br \/>\n&#8211; La opci\u00f3n de indicador de pureza del ox\u00edgeno permite incrementar la seguridad<br \/>\nEverFlo se encuentra disponible con o sin indicador de pureza del ox\u00edgeno. Este indicador de pureza del ox\u00edgeno (OPI) mide, por ultrasonido, la salida de ox\u00edgeno como indicador de pureza.<br \/>\n&#8211; La plataforma con humidificador permite flexibilidad extra<br \/>\n&#8211; La plataforma ha sido dise\u00f1ada para resultar compatible con todos los estilos de humidificador y est\u00e1 equipada con un cierre de velcro f\u00e1cil de usar.<br \/>\n&#8211; El medidor de flujo integrado reduce el riesgo de rotura accidental<br \/>\n&#8211; La c\u00e1nula de metal durable tiene menos posibilidad de romperse<\/p>\n<p>ESPECIFICACIONES<br \/>\n&#8211; Tensi\u00f3n de alimentaci\u00f3n 120 +\/- 10% VCA voltios de corriente alterna<br \/>\n&#8211; Frecuencia de alimentaci\u00f3n \u2022 60 Hz<br \/>\n&#8211; Consumo de Energ\u00eda Promedio \u2022 350 watts<br \/>\n&#8211; Concentraci\u00f3n de ox\u00edgeno* (a 5 LPM) \u2022 93 +\/- 3 %<br \/>\n&#8211; Caudal en litros \u2022 0,5-5 litros por minuto<br \/>\n&#8211; Peso \u2022 14 kg<br \/>\n&#8211; Temperatura de funcionamiento \u2022 12\u00b0C a 32\u00b0C<br \/>\n&#8211; Nivel de sonido \u2022 45 (t\u00edpico) dB<br \/>\n&#8211; Medidas: \u2022 58,4 cm de altura x 38,1 cm de ancho x 24,1 cm de profundidad<br \/>\n&#8211; Niveles de alarma del indicador del porcentaje de ox\u00edgeno \u2022 Bajo nivel de ox\u00edgeno (82%) y Nivel de ox\u00edgeno muy bajo (70%)<br \/>\n&#8211; Humedad de transporte\/almacenamiento \u2022 -34\u00b0C a 71\u00b0C (-30\u00b0F a 160\u00b0F) hasta 95% de humedad relativa<br \/>\n&#8211; Temperatura de funcionamiento \u2022 hasta 95 % de humedad relativa<br \/>\n&#8211; Presi\u00f3n de salida \u2022 5,5 PSI<br \/>\n&#8211; Altitud para el funcionamiento \u2022 0 a 2286 m (0 a 7500 pies)<\/p>\n","protected":false},"excerpt":{"rendered":"<p><strong>CARACTERISTICAS<\/strong><br \/>\n&#8211; Ligero y f\u00e1cil de transportar<br \/>\n&#8211; El concentrador de ox\u00edgeno EverFlo pesa s\u00f3lo 14 kg, lo que reduce los costos de env\u00edo y almacenamiento, as\u00ed como los riesgos de lesiones.<br \/>\n&#8211; La serie de productos Right Fit se concentra en las necesidades de los pacientes<br \/>\nEverFlo forma parte de la cartera de productos Right Fit, que representa una cartera de productos para la realizaci\u00f3n de terapias de ox\u00edgeno<br \/>\n&#8211; Gracias a su dise\u00f1o compacto, no tiene tanto aspecto de equipo m\u00e9dico<br \/>\n&#8211; El dise\u00f1o ergon\u00f3mico de EverFlo ocupa menos espacio y no llama tanto la atenci\u00f3n.<br \/>\n&#8211; Como necesita poco mantenimiento, reduce los costos de servicio<br \/>\n&#8211; No requiere cambio de filtro por parte del responsable del cuidado de la salud por, al menos, un a\u00f1o. Los pacientes nunca tendr\u00e1n que cambiar los filtros.<br \/>\n&#8211; El menor consumo de energ\u00eda hace de EverFlo un dispositivo amigable para el paciente<br \/>\n&#8211; El sistema requiere menos electricidad y produce menos calor.<br \/>\n&#8211; La opci\u00f3n de indicador de pureza del ox\u00edgeno permite incrementar la seguridad<br \/>\nEverFlo se encuentra disponible con o sin indicador de pureza del ox\u00edgeno. Este indicador de pureza del ox\u00edgeno (OPI) mide, por ultrasonido, la salida de ox\u00edgeno como indicador de pureza.<br \/>\n&#8211; La plataforma con humidificador permite flexibilidad extra<br \/>\n&#8211; La plataforma ha sido dise\u00f1ada para resultar compatible con todos los estilos de humidificador y est\u00e1 equipada con un cierre de velcro f\u00e1cil de usar.<br \/>\n&#8211; El medidor de flujo integrado reduce el riesgo de rotura accidental<br \/>\n&#8211; La c\u00e1nula de metal durable tiene menos posibilidad de romperse<\/p>\n","protected":false},"featured_media":244520,"comment_status":"open","ping_status":"closed","template":"","meta":{"_et_pb_use_builder":"","_et_pb_old_content":"","_et_gb_content_width":""},"pwb-brand":[393],"product_cat":[392,350],"product_tag":[],"brands":[{"id":393,"name":"Philips","slug":"philips"}],"_links":{"self":[{"href":"https:\/\/www.unimedico.com.mx\/shop\/wp-json\/wp\/v3\/product\/244519"}],"collection":[{"href":"https:\/\/www.unimedico.com.mx\/shop\/wp-json\/wp\/v3\/product"}],"about":[{"href":"https:\/\/www.unimedico.com.mx\/shop\/wp-json\/wp\/v2\/types\/product"}],"replies":[{"embeddable":true,"href":"https:\/\/www.unimedico.com.mx\/shop\/wp-json\/wp\/v2\/comments?post=244519"}],"wp:featuredmedia":[{"embeddable":true,"href":"https:\/\/www.unimedico.com.mx\/shop\/wp-json\/wp\/v2\/media\/244520"}],"wp:attachment":[{"href":"https:\/\/www.unimedico.com.mx\/shop\/wp-json\/wp\/v2\/media?parent=244519"}],"wp:term":[{"taxonomy":"pwb-brand","embeddable":true,"href":"https:\/\/www.unimedico.com.mx\/shop\/wp-json\/wp\/v2\/pwb-brand?post=244519"},{"taxonomy":"product_cat","embeddable":true,"href":"https:\/\/www.unimedico.com.mx\/shop\/wp-json\/wp\/v2\/product_cat?post=244519"},{"taxonomy":"product_tag","embeddable":true,"href":"https:\/\/www.unimedico.com.mx\/shop\/wp-json\/wp\/v2\/product_tag?post=244519"}],"curies":[{"name":"wp","href":"https:\/\/api.w.org\/{rel}","templated":true}]}}