{"id":244619,"date":"2022-11-14T21:19:29","date_gmt":"2022-11-15T03:19:29","guid":{"rendered":"https:\/\/www.unimedico.com.mx\/shop\/?post_type=product&#038;p=244619"},"modified":"2022-11-14T21:19:29","modified_gmt":"2022-11-15T03:19:29","slug":"cubrebocas-kn95-con-5-capas-de-proteccion-caja-con-10-piezas-certificado-gb2626-2006","status":"publish","type":"product","link":"https:\/\/www.unimedico.com.mx\/shop\/producto\/cubrebocas-kn95-con-5-capas-de-proteccion-caja-con-10-piezas-certificado-gb2626-2006\/","title":{"rendered":"Cubrebocas KN95 con 5 capas de protecci\u00f3n caja con 10 piezas certificado GB2626-2006"},"content":{"rendered":"<h3>Cubrebocas KN95 con 5 capas de protecci\u00f3n, caja con 10 piezas (certificado GB2626-2006) &#8211; Marca Mercy<\/h3>\n<ul>\n<li>Recomendado por la OMS para la protecci\u00f3n contra el Covid-19<\/li>\n<li>Con filtro de aire del 95%<\/li>\n<li>Peso ultraligero para uso c\u00f3modo<\/li>\n<li>Certificaci\u00f3n CNAS KN95 GB2626-2006<\/li>\n<li>Puente nasal para mejor ajuste<\/li>\n<li>Bandas el\u00e1sticas engrapadas al respirador<\/li>\n<li>5 capas de protecci\u00f3n\n<ul>\n<li>Filtro de part\u00edculas de tela BFE99<\/li>\n<li>Capa de Algod\u00f3n<\/li>\n<li>Filtro de micropart\u00edculas de m\u00e1xima eficiencia de carb\u00f3n activo<\/li>\n<li>Algod\u00f3n electrost\u00e1tico<\/li>\n<li>Termopl\u00e1stico: Polipropileno<\/li>\n<\/ul>\n<\/li>\n<\/ul>\n","protected":false},"excerpt":{"rendered":"<ul>\n<li>Recomendado por la OMS para la protecci\u00f3n contra el Covid-19<\/li>\n<li>Con filtro de aire del 95%<\/li>\n<li>Peso ultraligero para uso c\u00f3modo<\/li>\n<li>Certificaci\u00f3n CNAS KN95 GB2626-2006<\/li>\n<li>Puente nasal para mejor ajuste<\/li>\n<li>Bandas el\u00e1sticas engrapadas al respirador<\/li>\n<li>5 capas de protecci\u00f3n\n<ul>\n<li>Filtro de part\u00edculas de tela BFE99<\/li>\n<li>Capa de Algod\u00f3n<\/li>\n<li>Filtro de micropart\u00edculas de m\u00e1xima eficiencia de carb\u00f3n activo<\/li>\n<li>Algod\u00f3n electrost\u00e1tico<\/li>\n<li>Termopl\u00e1stico: Polipropileno<\/li>\n<\/ul>\n<\/li>\n<\/ul>\n","protected":false},"featured_media":244620,"comment_status":"open","ping_status":"closed","template":"","meta":{"_et_pb_use_builder":"","_et_pb_old_content":"","_et_gb_content_width":""},"pwb-brand":[44],"product_cat":[401,350],"product_tag":[],"brands":[{"id":44,"name":"Unimedico","slug":"unimedico"}],"_links":{"self":[{"href":"https:\/\/www.unimedico.com.mx\/shop\/wp-json\/wp\/v3\/product\/244619"}],"collection":[{"href":"https:\/\/www.unimedico.com.mx\/shop\/wp-json\/wp\/v3\/product"}],"about":[{"href":"https:\/\/www.unimedico.com.mx\/shop\/wp-json\/wp\/v2\/types\/product"}],"replies":[{"embeddable":true,"href":"https:\/\/www.unimedico.com.mx\/shop\/wp-json\/wp\/v2\/comments?post=244619"}],"wp:featuredmedia":[{"embeddable":true,"href":"https:\/\/www.unimedico.com.mx\/shop\/wp-json\/wp\/v2\/media\/244620"}],"wp:attachment":[{"href":"https:\/\/www.unimedico.com.mx\/shop\/wp-json\/wp\/v2\/media?parent=244619"}],"wp:term":[{"taxonomy":"pwb-brand","embeddable":true,"href":"https:\/\/www.unimedico.com.mx\/shop\/wp-json\/wp\/v2\/pwb-brand?post=244619"},{"taxonomy":"product_cat","embeddable":true,"href":"https:\/\/www.unimedico.com.mx\/shop\/wp-json\/wp\/v2\/product_cat?post=244619"},{"taxonomy":"product_tag","embeddable":true,"href":"https:\/\/www.unimedico.com.mx\/shop\/wp-json\/wp\/v2\/product_tag?post=244619"}],"curies":[{"name":"wp","href":"https:\/\/api.w.org\/{rel}","templated":true}]}}