{"id":244788,"date":"2022-12-06T22:09:52","date_gmt":"2022-12-07T04:09:52","guid":{"rendered":"https:\/\/www.unimedico.com.mx\/shop\/?post_type=product&#038;p=244788"},"modified":"2022-12-06T22:09:53","modified_gmt":"2022-12-07T04:09:53","slug":"porta-suero-de-riel","status":"publish","type":"product","link":"https:\/\/www.unimedico.com.mx\/shop\/producto\/porta-suero-de-riel\/","title":{"rendered":"Porta suero de riel"},"content":{"rendered":"<p>Riel porta venoclisis sencillo: riel de aluminio de 1.5mm de espesor carretilla de pl\u00e1stico, mecanismo de fijaci\u00f3n de alturas por medio del pl\u00e1stico que une los ganchos de la carretilla \u00bc de di\u00e1metro acabado cromado con recubrimiento de pl\u00e1stico, ganchos laterales de 5\/16 en forma de rizo acabado cromado, gancho de soporte de 3\/8 cromado, tapas laterales de pl\u00e1stico.<\/p>\n","protected":false},"excerpt":{"rendered":"<p>Riel porta venoclisis sencillo: riel de aluminio de 1.5mm de espesor carretilla de pl\u00e1stico, mecanismo de fijaci\u00f3n de alturas por medio del pl\u00e1stico que une los ganchos de la carretilla \u00bc de di\u00e1metro acabado cromado con recubrimiento de pl\u00e1stico, ganchos laterales de 5\/16 en forma de rizo acabado cromado, gancho de soporte de 3\/8 cromado, tapas laterales de pl\u00e1stico.<\/p>\n","protected":false},"featured_media":244784,"comment_status":"open","ping_status":"closed","template":"","meta":{"_et_pb_use_builder":"","_et_pb_old_content":"","_et_gb_content_width":""},"pwb-brand":[44],"product_cat":[231,246],"product_tag":[],"brands":[{"id":44,"name":"Unimedico","slug":"unimedico"}],"_links":{"self":[{"href":"https:\/\/www.unimedico.com.mx\/shop\/wp-json\/wp\/v3\/product\/244788"}],"collection":[{"href":"https:\/\/www.unimedico.com.mx\/shop\/wp-json\/wp\/v3\/product"}],"about":[{"href":"https:\/\/www.unimedico.com.mx\/shop\/wp-json\/wp\/v2\/types\/product"}],"replies":[{"embeddable":true,"href":"https:\/\/www.unimedico.com.mx\/shop\/wp-json\/wp\/v2\/comments?post=244788"}],"wp:featuredmedia":[{"embeddable":true,"href":"https:\/\/www.unimedico.com.mx\/shop\/wp-json\/wp\/v2\/media\/244784"}],"wp:attachment":[{"href":"https:\/\/www.unimedico.com.mx\/shop\/wp-json\/wp\/v2\/media?parent=244788"}],"wp:term":[{"taxonomy":"pwb-brand","embeddable":true,"href":"https:\/\/www.unimedico.com.mx\/shop\/wp-json\/wp\/v2\/pwb-brand?post=244788"},{"taxonomy":"product_cat","embeddable":true,"href":"https:\/\/www.unimedico.com.mx\/shop\/wp-json\/wp\/v2\/product_cat?post=244788"},{"taxonomy":"product_tag","embeddable":true,"href":"https:\/\/www.unimedico.com.mx\/shop\/wp-json\/wp\/v2\/product_tag?post=244788"}],"curies":[{"name":"wp","href":"https:\/\/api.w.org\/{rel}","templated":true}]}}