{"id":494,"date":"2019-02-28T15:57:08","date_gmt":"2019-02-28T21:57:08","guid":{"rendered":"http:\/\/www.unimedico.com.mx\/shop\/producto\/comodo-acero-inoxidable-para-nino-med-305-x-235-x-50-mm-sku-mgt-0104-mca-magnate\/"},"modified":"2019-02-28T15:57:08","modified_gmt":"2019-02-28T21:57:08","slug":"comodo-acero-inoxidable-para-nino-med-305-x-235-x-50-mm-sku-mgt-0104-mca-magnate","status":"publish","type":"product","link":"https:\/\/www.unimedico.com.mx\/shop\/producto\/comodo-acero-inoxidable-para-nino-med-305-x-235-x-50-mm-sku-mgt-0104-mca-magnate\/","title":{"rendered":"COMODO ACERO INOXIDABLE PARA NI\u00d1O MED 305 X 235 X 50 MM SKU: MGT-0104 MCA MAGNATE"},"content":{"rendered":"<p>\tCOMODO ACERO INOXIDABLE PARA NI\u00d1O MED 305 X 235 X 50 MM SKU: MGT-0104 MCA MAGNATE<\/p>\n<p>\tMGT-0104 COMODO PARA NI\u00d1O (PEDIATRICO) <br \/>\n\tC\u00f3modo para ni\u00f1o fabricado con acero inoxidable. (18\/8) <br \/>\n\tEsterilizable. <\/p>\n<p>\tESPECIFICACIONES. <br \/>\n\tDimensiones: 30.5 cm x 23.5 cm x 5 cm. <br \/>\n\tColor: Plata. <\/p>\n<p>\tUSO <br \/>\n\tPara el cuidado de pacientes infantiles que se encuentran en cama, y no pueden levantarse para acudir al ba\u00f1o. <\/p>\n<p>\tPUNTO DE VENTA <br \/>\n\tMaterial de primera calidad. <br \/>\n\tFabricado en una sola pieza, sin uniones, lo que evita que se reproduzcan bacterias. <br \/>\n\tPr\u00e1ctico y f\u00e1cil de limpiar. <br \/>\n\tReutilizable y esterilizable. <br \/>\n\tElaborado por Siam Intermagnate, l\u00edder en fabricaci\u00f3n y exportaci\u00f3n en utensilios m\u00e9dicos de acero inoxidable. <br \/>\n\tCuenta con ISO 9001:200, ISO 13485:2003 y Servicio de Acreditaci\u00f3n del Reino Unido (UKAS)<\/p>\n","protected":false},"excerpt":{"rendered":"<p>\tCOMODO ACERO INOXIDABLE PARA NI\u00d1O MED 305 X 235 X 50 MM SKU: MGT-0104 MCA MAGNATE<\/p>\n<p>\tMGT-0104 COMODO PARA NI\u00d1O (PEDIATRICO) <br \/>\n\tC\u00f3modo para ni\u00f1o fabricado con acero inoxidable. (18\/8) <br \/>\n\tEsterilizable. <\/p>\n<p>\tESPECIFICACIONES. <br \/>\n\tDimensiones: 30.5 cm x 23.5 cm x 5 cm. <br \/>\n\tColor: Plata. <\/p>\n<p>\tUSO <br \/>\n\tPara el cuidado de pacientes infantiles que se encuentran en cama, y no pueden levantarse para acudir al ba\u00f1o. <\/p>\n<p>\tPUNTO DE VENTA <br \/>\n\tMaterial de primera calidad. <br \/>\n\tFabricado en una sola pieza, sin uniones, lo que evita que se reproduzcan bacterias. <br \/>\n\tPr\u00e1ctico y f\u00e1cil de limpiar. <br \/>\n\tReutilizable y esterilizable. <br \/>\n\tElaborado por Siam Intermagnate, l\u00edder en fabricaci\u00f3n y exportaci\u00f3n en utensilios m\u00e9dicos de acero inoxidable. <br \/>\n\tCuenta con ISO 9001:200, ISO 13485:2003 y Servicio de Acreditaci\u00f3n del Reino Unido (UKAS)<\/p>\n","protected":false},"featured_media":493,"comment_status":"open","ping_status":"closed","template":"","meta":{"_et_pb_use_builder":"","_et_pb_old_content":"","_et_gb_content_width":""},"pwb-brand":[22],"product_cat":[141],"product_tag":[],"brands":[{"id":22,"name":"Magnate","slug":"magnate"}],"_links":{"self":[{"href":"https:\/\/www.unimedico.com.mx\/shop\/wp-json\/wp\/v3\/product\/494"}],"collection":[{"href":"https:\/\/www.unimedico.com.mx\/shop\/wp-json\/wp\/v3\/product"}],"about":[{"href":"https:\/\/www.unimedico.com.mx\/shop\/wp-json\/wp\/v2\/types\/product"}],"replies":[{"embeddable":true,"href":"https:\/\/www.unimedico.com.mx\/shop\/wp-json\/wp\/v2\/comments?post=494"}],"wp:featuredmedia":[{"embeddable":true,"href":"https:\/\/www.unimedico.com.mx\/shop\/wp-json\/wp\/v2\/media\/493"}],"wp:attachment":[{"href":"https:\/\/www.unimedico.com.mx\/shop\/wp-json\/wp\/v2\/media?parent=494"}],"wp:term":[{"taxonomy":"pwb-brand","embeddable":true,"href":"https:\/\/www.unimedico.com.mx\/shop\/wp-json\/wp\/v2\/pwb-brand?post=494"},{"taxonomy":"product_cat","embeddable":true,"href":"https:\/\/www.unimedico.com.mx\/shop\/wp-json\/wp\/v2\/product_cat?post=494"},{"taxonomy":"product_tag","embeddable":true,"href":"https:\/\/www.unimedico.com.mx\/shop\/wp-json\/wp\/v2\/product_tag?post=494"}],"curies":[{"name":"wp","href":"https:\/\/api.w.org\/{rel}","templated":true}]}}