{"id":496,"date":"2019-02-28T15:57:09","date_gmt":"2019-02-28T21:57:09","guid":{"rendered":"http:\/\/www.unimedico.com.mx\/shop\/producto\/lavamanos-305-x-110-mm-marca-magnate\/"},"modified":"2019-02-28T15:57:09","modified_gmt":"2019-02-28T21:57:09","slug":"lavamanos-305-x-110-mm-marca-magnate","status":"publish","type":"product","link":"https:\/\/www.unimedico.com.mx\/shop\/producto\/lavamanos-305-x-110-mm-marca-magnate\/","title":{"rendered":"LAVAMANOS 305 X 110 MM MARCA MAGNATE"},"content":{"rendered":"<p>\tLAVAMANOS 305 X 110 MM MARCA MAGNATE<\/p>\n<p>\tLAVAMANOS 305 X 110 MM <br \/>\n\tLavamanos fabricado con acero inoxidable. (18\/8)<br \/>\n\t\u00bbEsterilizable<br \/>\n\tDimensiones: 305 x 110 mm.<br \/>\n\t\u00bbColor: Plata<br \/>\n\tMaterial de primera calidad.<br \/>\n\t\u00bbFabricado en una sola pieza, sin uniones, lo que evita que se reproduzcan bacterias.<br \/>\n\t\u00bbPr\u00e1ctico y f\u00e1cil de limpiar.<br \/>\n\t\u00bbReutilizable y esterilizable.<br \/>\n\t\u00bbElaborado por Siam Intermagnate, l\u00edder en fabricaci\u00f3n y exportaci\u00f3n en utensilios m\u00e9dicos de acero inoxidable.<br \/>\n\t\u00bbCuenta con ISO 9001:200, ISO 13485:2003 y Servicio de Acreditaci\u00f3n del Reino Unido (UKAS)<\/p>\n","protected":false},"excerpt":{"rendered":"<p>\tLAVAMANOS 305 X 110 MM MARCA MAGNATE<\/p>\n<p>\tLAVAMANOS 305 X 110 MM <br \/>\n\tLavamanos fabricado con acero inoxidable. (18\/8)<br \/>\n\t\u00bbEsterilizable<br \/>\n\tDimensiones: 305 x 110 mm.<br \/>\n\t\u00bbColor: Plata<br \/>\n\tMaterial de primera calidad.<br \/>\n\t\u00bbFabricado en una sola pieza, sin uniones, lo que evita que se reproduzcan bacterias.<br \/>\n\t\u00bbPr\u00e1ctico y f\u00e1cil de limpiar.<br \/>\n\t\u00bbReutilizable y esterilizable.<br \/>\n\t\u00bbElaborado por Siam Intermagnate, l\u00edder en fabricaci\u00f3n y exportaci\u00f3n en utensilios m\u00e9dicos de acero inoxidable.<br \/>\n\t\u00bbCuenta con ISO 9001:200, ISO 13485:2003 y Servicio de Acreditaci\u00f3n del Reino Unido (UKAS)<\/p>\n","protected":false},"featured_media":495,"comment_status":"open","ping_status":"closed","template":"","meta":{"_et_pb_use_builder":"","_et_pb_old_content":"","_et_gb_content_width":""},"pwb-brand":[22],"product_cat":[141],"product_tag":[],"brands":[{"id":22,"name":"Magnate","slug":"magnate"}],"_links":{"self":[{"href":"https:\/\/www.unimedico.com.mx\/shop\/wp-json\/wp\/v3\/product\/496"}],"collection":[{"href":"https:\/\/www.unimedico.com.mx\/shop\/wp-json\/wp\/v3\/product"}],"about":[{"href":"https:\/\/www.unimedico.com.mx\/shop\/wp-json\/wp\/v2\/types\/product"}],"replies":[{"embeddable":true,"href":"https:\/\/www.unimedico.com.mx\/shop\/wp-json\/wp\/v2\/comments?post=496"}],"wp:featuredmedia":[{"embeddable":true,"href":"https:\/\/www.unimedico.com.mx\/shop\/wp-json\/wp\/v2\/media\/495"}],"wp:attachment":[{"href":"https:\/\/www.unimedico.com.mx\/shop\/wp-json\/wp\/v2\/media?parent=496"}],"wp:term":[{"taxonomy":"pwb-brand","embeddable":true,"href":"https:\/\/www.unimedico.com.mx\/shop\/wp-json\/wp\/v2\/pwb-brand?post=496"},{"taxonomy":"product_cat","embeddable":true,"href":"https:\/\/www.unimedico.com.mx\/shop\/wp-json\/wp\/v2\/product_cat?post=496"},{"taxonomy":"product_tag","embeddable":true,"href":"https:\/\/www.unimedico.com.mx\/shop\/wp-json\/wp\/v2\/product_tag?post=496"}],"curies":[{"name":"wp","href":"https:\/\/api.w.org\/{rel}","templated":true}]}}