{"id":904,"date":"2019-02-28T15:59:33","date_gmt":"2019-02-28T21:59:33","guid":{"rendered":"http:\/\/www.unimedico.com.mx\/shop\/producto\/camilla-para-inmovilizacion-anatomica-mca-unimedico-ems\/"},"modified":"2019-04-03T12:53:04","modified_gmt":"2019-04-03T18:53:04","slug":"camilla-para-inmovilizacion-anatomica-mca-unimedico-ems","status":"publish","type":"product","link":"https:\/\/www.unimedico.com.mx\/shop\/producto\/camilla-para-inmovilizacion-anatomica-mca-unimedico-ems\/","title":{"rendered":"CAMILLA PARA INMOVILIZACION ANATOMICA MCA UNIMEDICO-EMS"},"content":{"rendered":"<p>CAMILLA PARA INMOVILIZACION ANATOMICA MCA UNIMEDICO-EMS<br \/>\n\u00bbCamilla para inmovilizaci\u00f3n.<br \/>\n\u00bbFabricada a base de polietileno.<br \/>\n\u00bbCompatible con la mayor\u00eda de los inmovilizadores de cabeza<br \/>\n\u00bbDebido a que est\u00e1 elaborada a base de polietileno (pl\u00e1stico) la camilla flota, por lo que puede utilizarse para realizar rescates en agua.<br \/>\n\u00bbPuede utilizarse al tomar rayos X, ya que es completamente trasl\u00facida.<br \/>\n\u00bbEs de tam\u00f1o peque\u00f1o y de peso ligero, por lo que resulta f\u00e1cil de transportar y guardar.<br \/>\n\u00bbEs c\u00f3moda y segura, por lo que los pacientes se sienten confortables.<br \/>\n\u00bbCubre con altos est\u00e1ndares de calidad.<br \/>\n\u00bbEl material del que se encuentra hecha es de alta Resistencia.<br \/>\n\u00bbCuenta con las certificaciones CE (Comunidad Europea) y FDA.<br \/>\n\u00bb\u00datil para tomar rayos x.<br \/>\n\u00bbUtilizada principalmente en hospitales y en el \u00e1mbito deportivo para el traslado de personas heridas.<br \/>\n\u00bbDimensiones: 184 cm de largo x 41 cm de ancho x 5cm de grosor.<br \/>\n\u00bbCapacidad de soporte: Menor a 159 kg.<\/p>\n<p><img decoding=\"async\" src=\"https:\/\/www.unimedico.com.mx\/shop\/wp-content\/uploads\/2019\/02\/image081.jpg\" alt=\"\" \/><\/p>\n","protected":false},"excerpt":{"rendered":"<p>CAMILLA PARA INMOVILIZACION ANATOMICA MCA UNIMEDICO-EMS<br \/>\n\u00bbCamilla para inmovilizaci\u00f3n.<br \/>\n\u00bbFabricada a base de polietileno.<br \/>\n\u00bbCompatible con la mayor\u00eda de los inmovilizadores de cabeza<br \/>\n\u00bbDebido a que est\u00e1 elaborada a base de polietileno (pl\u00e1stico) la camilla flota, por lo que puede utilizarse para realizar rescates en agua.<br \/>\n\u00bbPuede utilizarse al tomar rayos X, ya que es completamente trasl\u00facida.<br \/>\n\u00bbEs de tam\u00f1o peque\u00f1o y de peso ligero, por lo que resulta f\u00e1cil de transportar y guardar.<br \/>\n\u00bbEs c\u00f3moda y segura, por lo que los pacientes se sienten confortables.<br \/>\n\u00bbCubre con altos est\u00e1ndares de calidad.<br \/>\n\u00bbEl material del que se encuentra hecha es de alta Resistencia.<br \/>\n\u00bbCuenta con las certificaciones CE (Comunidad Europea) y FDA.<br \/>\n\u00bb\u00datil para tomar rayos x.<br \/>\n\u00bbUtilizada principalmente en hospitales y en el \u00e1mbito deportivo para el traslado de personas heridas.<br \/>\n\u00bbDimensiones: 184 cm de largo x 41 cm de ancho x 5cm de grosor.<br \/>\n\u00bbCapacidad de soporte: Menor a 159 kg.<\/p>\n<p><img decoding=\"async\" src=\"https:\/\/www.unimedico.com.mx\/shop\/wp-content\/uploads\/2019\/02\/image081.jpg\" alt=\"\" \/><\/p>\n","protected":false},"featured_media":901,"comment_status":"open","ping_status":"closed","template":"","meta":{"_et_pb_use_builder":"","_et_pb_old_content":"","_et_gb_content_width":""},"pwb-brand":[44],"product_cat":[214],"product_tag":[],"brands":[{"id":44,"name":"Unimedico","slug":"unimedico"}],"_links":{"self":[{"href":"https:\/\/www.unimedico.com.mx\/shop\/wp-json\/wp\/v3\/product\/904"}],"collection":[{"href":"https:\/\/www.unimedico.com.mx\/shop\/wp-json\/wp\/v3\/product"}],"about":[{"href":"https:\/\/www.unimedico.com.mx\/shop\/wp-json\/wp\/v2\/types\/product"}],"replies":[{"embeddable":true,"href":"https:\/\/www.unimedico.com.mx\/shop\/wp-json\/wp\/v2\/comments?post=904"}],"wp:featuredmedia":[{"embeddable":true,"href":"https:\/\/www.unimedico.com.mx\/shop\/wp-json\/wp\/v2\/media\/901"}],"wp:attachment":[{"href":"https:\/\/www.unimedico.com.mx\/shop\/wp-json\/wp\/v2\/media?parent=904"}],"wp:term":[{"taxonomy":"pwb-brand","embeddable":true,"href":"https:\/\/www.unimedico.com.mx\/shop\/wp-json\/wp\/v2\/pwb-brand?post=904"},{"taxonomy":"product_cat","embeddable":true,"href":"https:\/\/www.unimedico.com.mx\/shop\/wp-json\/wp\/v2\/product_cat?post=904"},{"taxonomy":"product_tag","embeddable":true,"href":"https:\/\/www.unimedico.com.mx\/shop\/wp-json\/wp\/v2\/product_tag?post=904"}],"curies":[{"name":"wp","href":"https:\/\/api.w.org\/{rel}","templated":true}]}}