{"id":908,"date":"2019-02-28T15:59:34","date_gmt":"2019-02-28T21:59:34","guid":{"rendered":"http:\/\/www.unimedico.com.mx\/shop\/producto\/camilla-para-inmovilizacion-con-orificio-para-la-columna-vertebral-marca-unimedico-ems\/"},"modified":"2019-04-03T13:07:31","modified_gmt":"2019-04-03T19:07:31","slug":"camilla-para-inmovilizacion-con-orificio-para-la-columna-vertebral-marca-unimedico-ems","status":"publish","type":"product","link":"https:\/\/www.unimedico.com.mx\/shop\/producto\/camilla-para-inmovilizacion-con-orificio-para-la-columna-vertebral-marca-unimedico-ems\/","title":{"rendered":"CAMILLA PARA INMOVILIZACION CON ORIFICIO PARA LA COLUMNA VERTEBRAL MARCA UNIMEDICO-EMS"},"content":{"rendered":"<p>CAMILLA PARA INMOVILIZACION CON ORIFICIO PARA LA COLUMNA VERTEBRAL MARCA UNIMEDICO-EMS<\/p>\n<p>Descripci\u00f3n t\u00e9cnica<br \/>\nCamilla con orificio para la columna vertebral.<br \/>\nFabricada a base de polietileno.<br \/>\nCompatible con la mayor\u00eda de los inmovilizadores de cabeza y cinturones de seguridad.<\/p>\n<p>Especificaciones<br \/>\nDimensiones: 183 cm de largo x 45 cm de ancho x 5cm de grosor.<br \/>\nCapacidad de soporte: Menor a 159 kg.<br \/>\nPeso: 7.4 kg.<\/p>\n<p>Usos<br \/>\n\u00datil para tomar rayos x.<br \/>\nAyuda al traslado de pacientes y heridos.<br \/>\nIdeal para trasladar a las personas por agua.<\/p>\n<p>Puntos de venta<br \/>\nDebido a que est\u00e1 elaborada a base de polietileno (pl\u00e1stico) la camilla flota, por lo que puede utilizarse para realizar rescates en agua.<br \/>\nPuede utilizarse al tomar rayos X, ya que es completamente trasl\u00facida.<br \/>\nEs de tam\u00f1o peque\u00f1o y de peso ligero, por lo que resulta f\u00e1cil de transportar y guardar.<br \/>\nEs c\u00f3moda y segura, por lo que los pacientes se sienten confortables.<br \/>\nCubre con altos est\u00e1ndares de calidad.<br \/>\nEl material del que se encuentra hecha es de alta resistencia.<br \/>\nCuenta con las certificaciones CE (Comunidad europea)<\/p>\n<p><img decoding=\"async\" src=\"https:\/\/www.unimedico.com.mx\/shop\/wp-content\/uploads\/2019\/02\/image081.jpg\" alt=\"\" \/><\/p>\n","protected":false},"excerpt":{"rendered":"<p>CAMILLA PARA INMOVILIZACION CON ORIFICIO PARA LA COLUMNA VERTEBRAL MARCA UNIMEDICO-EMS<\/p>\n<p>Descripci\u00f3n t\u00e9cnica<br \/>\nCamilla con orificio para la columna vertebral.<br \/>\nFabricada a base de polietileno.<br \/>\nCompatible con la mayor\u00eda de los inmovilizadores de cabeza y cinturones de seguridad.<\/p>\n<p>Especificaciones<br \/>\nDimensiones: 183 cm de largo x 45 cm de ancho x 5cm de grosor.<br \/>\nCapacidad de soporte: Menor a 159 kg.<br \/>\nPeso: 7.4 kg.<\/p>\n<p>Usos<br \/>\n\u00datil para tomar rayos x.<br \/>\nAyuda al traslado de pacientes y heridos.<br \/>\nIdeal para trasladar a las personas por agua.<\/p>\n<p>Puntos de venta<br \/>\nDebido a que est\u00e1 elaborada a base de polietileno (pl\u00e1stico) la camilla flota, por lo que puede utilizarse para realizar rescates en agua.<br \/>\nPuede utilizarse al tomar rayos X, ya que es completamente trasl\u00facida.<br \/>\nEs de tam\u00f1o peque\u00f1o y de peso ligero, por lo que resulta f\u00e1cil de transportar y guardar.<br \/>\nEs c\u00f3moda y segura, por lo que los pacientes se sienten confortables.<br \/>\nCubre con altos est\u00e1ndares de calidad.<br \/>\nEl material del que se encuentra hecha es de alta resistencia.<br \/>\nCuenta con las certificaciones CE (Comunidad europea)<\/p>\n<p><img decoding=\"async\" src=\"https:\/\/www.unimedico.com.mx\/shop\/wp-content\/uploads\/2019\/02\/image081.jpg\" alt=\"\" \/><\/p>\n","protected":false},"featured_media":905,"comment_status":"open","ping_status":"closed","template":"","meta":{"_et_pb_use_builder":"","_et_pb_old_content":"","_et_gb_content_width":""},"pwb-brand":[44],"product_cat":[214],"product_tag":[],"brands":[{"id":44,"name":"Unimedico","slug":"unimedico"}],"_links":{"self":[{"href":"https:\/\/www.unimedico.com.mx\/shop\/wp-json\/wp\/v3\/product\/908"}],"collection":[{"href":"https:\/\/www.unimedico.com.mx\/shop\/wp-json\/wp\/v3\/product"}],"about":[{"href":"https:\/\/www.unimedico.com.mx\/shop\/wp-json\/wp\/v2\/types\/product"}],"replies":[{"embeddable":true,"href":"https:\/\/www.unimedico.com.mx\/shop\/wp-json\/wp\/v2\/comments?post=908"}],"wp:featuredmedia":[{"embeddable":true,"href":"https:\/\/www.unimedico.com.mx\/shop\/wp-json\/wp\/v2\/media\/905"}],"wp:attachment":[{"href":"https:\/\/www.unimedico.com.mx\/shop\/wp-json\/wp\/v2\/media?parent=908"}],"wp:term":[{"taxonomy":"pwb-brand","embeddable":true,"href":"https:\/\/www.unimedico.com.mx\/shop\/wp-json\/wp\/v2\/pwb-brand?post=908"},{"taxonomy":"product_cat","embeddable":true,"href":"https:\/\/www.unimedico.com.mx\/shop\/wp-json\/wp\/v2\/product_cat?post=908"},{"taxonomy":"product_tag","embeddable":true,"href":"https:\/\/www.unimedico.com.mx\/shop\/wp-json\/wp\/v2\/product_tag?post=908"}],"curies":[{"name":"wp","href":"https:\/\/api.w.org\/{rel}","templated":true}]}}