{"id":910,"date":"2019-02-28T15:59:35","date_gmt":"2019-02-28T21:59:35","guid":{"rendered":"http:\/\/www.unimedico.com.mx\/shop\/producto\/camilla-plegable-de-aluminio-con-cubierta-de-cuero-resistente-al-agua-marca-unimedico-ems\/"},"modified":"2019-04-03T13:13:15","modified_gmt":"2019-04-03T19:13:15","slug":"camilla-plegable-de-aluminio-con-cubierta-de-cuero-resistente-al-agua-marca-unimedico-ems","status":"publish","type":"product","link":"https:\/\/www.unimedico.com.mx\/shop\/producto\/camilla-plegable-de-aluminio-con-cubierta-de-cuero-resistente-al-agua-marca-unimedico-ems\/","title":{"rendered":"CAMILLA PLEGABLE DE ALUMINIO CON CUBIERTA DE CUERO RESISTENTE AL AGUA MARCA UNIMEDICO -EMS"},"content":{"rendered":"<p>CAMILLA PLEGABLE DE ALUMINIO CON CUBIERTA DE CUERO RESISTENTE AL AGUA MARCA UNIMEDICO -EMS<\/p>\n<p>Descripci\u00f3n t\u00e9cnica<br \/>\nCamilla plegable.<br \/>\nElaborada con aluminio de alta resistencia.<br \/>\n2 cinturones de seguridad con hebilla de liberaci\u00f3n r\u00e1pida.<br \/>\nCubierta de cuero resistente al agua.<\/p>\n<p>Especificaciones<br \/>\nDimensiones: 185 cm de largo x 50 cm de ancho x 3 cm de altura.<br \/>\nDimensiones (camilla plegada): 92.5 cm x 50 cm x 7 cm.<br \/>\nCapacidad de soporte: Menor a 159 kg.<br \/>\nPeso: 4 kg.<\/p>\n<p>Usos<br \/>\nIdeal para el traslado de pacientes y heridos.<br \/>\n\u00datil en hospitales, gimnasios o como camilla de ambulancia.<\/p>\n<p>Puntos de venta<br \/>\nF\u00e1cil de esterilizar.<br \/>\nGracias a que es de tam\u00f1o peque\u00f1o y de peso ligero resulta f\u00e1cil de transportar y guardar.<br \/>\nEs c\u00f3moda y segura, por lo que los pacientes se sienten confortables.<br \/>\nCubre con altos est\u00e1ndares de calidad.<br \/>\nLos orificios localizados en los laterales de la parte superior e inferior, permiten colocar un inmovilizador de<br \/>\ncabeza.<br \/>\nEl material del que se encuentra hecha es de alta resistencia.<br \/>\nCuenta con las certificaciones CE (Comunidad Europea) y FDA<\/p>\n<p><img decoding=\"async\" src=\"https:\/\/www.unimedico.com.mx\/shop\/wp-content\/uploads\/2019\/02\/image081.jpg\" alt=\"\" \/><\/p>\n","protected":false},"excerpt":{"rendered":"<p>CAMILLA PLEGABLE DE ALUMINIO CON CUBIERTA DE CUERO RESISTENTE AL AGUA MARCA UNIMEDICO -EMS<\/p>\n<p>Descripci\u00f3n t\u00e9cnica<br \/>\nCamilla plegable.<br \/>\nElaborada con aluminio de alta resistencia.<br \/>\n2 cinturones de seguridad con hebilla de liberaci\u00f3n r\u00e1pida.<br \/>\nCubierta de cuero resistente al agua.<\/p>\n<p>Especificaciones<br \/>\nDimensiones: 185 cm de largo x 50 cm de ancho x 3 cm de altura.<br \/>\nDimensiones (camilla plegada): 92.5 cm x 50 cm x 7 cm.<br \/>\nCapacidad de soporte: Menor a 159 kg.<br \/>\nPeso: 4 kg.<\/p>\n<p>Usos<br \/>\nIdeal para el traslado de pacientes y heridos.<br \/>\n\u00datil en hospitales, gimnasios o como camilla de ambulancia.<\/p>\n<p>Puntos de venta<br \/>\nF\u00e1cil de esterilizar.<br \/>\nGracias a que es de tam\u00f1o peque\u00f1o y de peso ligero resulta f\u00e1cil de transportar y guardar.<br \/>\nEs c\u00f3moda y segura, por lo que los pacientes se sienten confortables.<br \/>\nCubre con altos est\u00e1ndares de calidad.<br \/>\nLos orificios localizados en los laterales de la parte superior e inferior, permiten colocar un inmovilizador de<br \/>\ncabeza.<br \/>\nEl material del que se encuentra hecha es de alta resistencia.<br \/>\nCuenta con las certificaciones CE (Comunidad Europea) y FDA<\/p>\n<p><img decoding=\"async\" src=\"https:\/\/www.unimedico.com.mx\/shop\/wp-content\/uploads\/2019\/02\/image081.jpg\" alt=\"\" \/><\/p>\n","protected":false},"featured_media":907,"comment_status":"open","ping_status":"closed","template":"","meta":{"_et_pb_use_builder":"","_et_pb_old_content":"","_et_gb_content_width":""},"pwb-brand":[44],"product_cat":[214],"product_tag":[],"brands":[{"id":44,"name":"Unimedico","slug":"unimedico"}],"_links":{"self":[{"href":"https:\/\/www.unimedico.com.mx\/shop\/wp-json\/wp\/v3\/product\/910"}],"collection":[{"href":"https:\/\/www.unimedico.com.mx\/shop\/wp-json\/wp\/v3\/product"}],"about":[{"href":"https:\/\/www.unimedico.com.mx\/shop\/wp-json\/wp\/v2\/types\/product"}],"replies":[{"embeddable":true,"href":"https:\/\/www.unimedico.com.mx\/shop\/wp-json\/wp\/v2\/comments?post=910"}],"wp:featuredmedia":[{"embeddable":true,"href":"https:\/\/www.unimedico.com.mx\/shop\/wp-json\/wp\/v2\/media\/907"}],"wp:attachment":[{"href":"https:\/\/www.unimedico.com.mx\/shop\/wp-json\/wp\/v2\/media?parent=910"}],"wp:term":[{"taxonomy":"pwb-brand","embeddable":true,"href":"https:\/\/www.unimedico.com.mx\/shop\/wp-json\/wp\/v2\/pwb-brand?post=910"},{"taxonomy":"product_cat","embeddable":true,"href":"https:\/\/www.unimedico.com.mx\/shop\/wp-json\/wp\/v2\/product_cat?post=910"},{"taxonomy":"product_tag","embeddable":true,"href":"https:\/\/www.unimedico.com.mx\/shop\/wp-json\/wp\/v2\/product_tag?post=910"}],"curies":[{"name":"wp","href":"https:\/\/api.w.org\/{rel}","templated":true}]}}