{"id":918,"date":"2019-02-28T15:59:37","date_gmt":"2019-02-28T21:59:37","guid":{"rendered":"http:\/\/www.unimedico.com.mx\/shop\/producto\/camilla-plegable-lateral-y-transversalmente-de-aluminio-marca-unimedico\/"},"modified":"2019-04-03T13:15:39","modified_gmt":"2019-04-03T19:15:39","slug":"camilla-plegable-lateral-y-transversalmente-de-aluminio-marca-unimedico","status":"publish","type":"product","link":"https:\/\/www.unimedico.com.mx\/shop\/producto\/camilla-plegable-lateral-y-transversalmente-de-aluminio-marca-unimedico\/","title":{"rendered":"CAMILLA PLEGABLE LATERAL Y TRANSVERSALMENTE DE ALUMINIO MARCA UNIMEDICO"},"content":{"rendered":"<p>CAMILLA PLEGABLE LATERAL Y TRANSVERSALMENTE DE ALUMINIO MARCA UNIMEDICO<\/p>\n<p>Camilla plegable, lateral y transversalmente.<br \/>\n\u00bbElaborada con aluminio de alta resistencia.<br \/>\n\u00bb2 cinturones de seguridad con hebilla de liberaci\u00f3n r\u00e1pida.<br \/>\n\u00bb4 estabilizadores.<br \/>\n\u00bbCubierta de cuero resistente al agua, con retardante al fuego y anti-grietas.<\/p>\n<p>\u00bbDimensiones: 208 cm de largo x 54.5 cm de ancho x 13 cm de altura.<br \/>\n\u00bbDimensiones (camilla plegada): 104 cm x 9 cm x 17 cm.<br \/>\n\u00bbCapacidad de soporte: Menor a 159 kg.<br \/>\n\u00bbPeso: 4.7 kg.<br \/>\n\u00bbF\u00e1cil de esterilizar.<br \/>\n\u00bb Gracias a que es de tam\u00f1o peque\u00f1o y de peso ligero resulta f\u00e1cil de transportar y guardar.<br \/>\n\u00bbEs c\u00f3moda y segura, por lo que los pacientes se sienten confortables.<br \/>\n\u00bbCubre con altos est\u00e1ndares de calidad.<br \/>\n\u00bb El material del que se encuentra hecha es de alta resistencia.<br \/>\n\u00bbCuenta con las certificaciones CE (Comunidad Europea) y FDA.<\/p>\n<p><img decoding=\"async\" src=\"https:\/\/www.unimedico.com.mx\/shop\/wp-content\/uploads\/2019\/02\/image081.jpg\" alt=\"\" \/><\/p>\n","protected":false},"excerpt":{"rendered":"<p>CAMILLA PLEGABLE LATERAL Y TRANSVERSALMENTE DE ALUMINIO MARCA UNIMEDICO<\/p>\n<p>Camilla plegable, lateral y transversalmente.<br \/>\n\u00bbElaborada con aluminio de alta resistencia.<br \/>\n\u00bb2 cinturones de seguridad con hebilla de liberaci\u00f3n r\u00e1pida.<br \/>\n\u00bb4 estabilizadores.<br \/>\n\u00bbCubierta de cuero resistente al agua, con retardante al fuego y anti-grietas.<\/p>\n<p>\u00bbDimensiones: 208 cm de largo x 54.5 cm de ancho x 13 cm de altura.<br \/>\n\u00bbDimensiones (camilla plegada): 104 cm x 9 cm x 17 cm.<br \/>\n\u00bbCapacidad de soporte: Menor a 159 kg.<br \/>\n\u00bbPeso: 4.7 kg.<br \/>\n\u00bbF\u00e1cil de esterilizar.<br \/>\n\u00bb Gracias a que es de tam\u00f1o peque\u00f1o y de peso ligero resulta f\u00e1cil de transportar y guardar.<br \/>\n\u00bbEs c\u00f3moda y segura, por lo que los pacientes se sienten confortables.<br \/>\n\u00bbCubre con altos est\u00e1ndares de calidad.<br \/>\n\u00bb El material del que se encuentra hecha es de alta resistencia.<br \/>\n\u00bbCuenta con las certificaciones CE (Comunidad Europea) y FDA.<\/p>\n<p><img decoding=\"async\" src=\"https:\/\/www.unimedico.com.mx\/shop\/wp-content\/uploads\/2019\/02\/image081.jpg\" alt=\"\" \/><\/p>\n","protected":false},"featured_media":915,"comment_status":"open","ping_status":"closed","template":"","meta":{"_et_pb_use_builder":"","_et_pb_old_content":"","_et_gb_content_width":""},"pwb-brand":[44],"product_cat":[214],"product_tag":[],"brands":[{"id":44,"name":"Unimedico","slug":"unimedico"}],"_links":{"self":[{"href":"https:\/\/www.unimedico.com.mx\/shop\/wp-json\/wp\/v3\/product\/918"}],"collection":[{"href":"https:\/\/www.unimedico.com.mx\/shop\/wp-json\/wp\/v3\/product"}],"about":[{"href":"https:\/\/www.unimedico.com.mx\/shop\/wp-json\/wp\/v2\/types\/product"}],"replies":[{"embeddable":true,"href":"https:\/\/www.unimedico.com.mx\/shop\/wp-json\/wp\/v2\/comments?post=918"}],"wp:featuredmedia":[{"embeddable":true,"href":"https:\/\/www.unimedico.com.mx\/shop\/wp-json\/wp\/v2\/media\/915"}],"wp:attachment":[{"href":"https:\/\/www.unimedico.com.mx\/shop\/wp-json\/wp\/v2\/media?parent=918"}],"wp:term":[{"taxonomy":"pwb-brand","embeddable":true,"href":"https:\/\/www.unimedico.com.mx\/shop\/wp-json\/wp\/v2\/pwb-brand?post=918"},{"taxonomy":"product_cat","embeddable":true,"href":"https:\/\/www.unimedico.com.mx\/shop\/wp-json\/wp\/v2\/product_cat?post=918"},{"taxonomy":"product_tag","embeddable":true,"href":"https:\/\/www.unimedico.com.mx\/shop\/wp-json\/wp\/v2\/product_tag?post=918"}],"curies":[{"name":"wp","href":"https:\/\/api.w.org\/{rel}","templated":true}]}}